{"id":1674,"date":"2023-08-11T17:05:01","date_gmt":"2023-08-11T17:05:01","guid":{"rendered":"https:\/\/urlapok.hu\/nszi\/?page_id=1674"},"modified":"2023-09-12T16:10:39","modified_gmt":"2023-09-12T16:10:39","slug":"jelentkezesi-felulet-a-bantalmazassal-vagy-emberkereskedelemmel-kapcsolatos-teritesmentes-szakmai-tanacskozason-torteno-reszvetelhez","status":"publish","type":"page","link":"https:\/\/urlapok.hu\/nszi\/jelentkezesi-felulet-a-bantalmazassal-vagy-emberkereskedelemmel-kapcsolatos-teritesmentes-szakmai-tanacskozason-torteno-reszvetelhez\/","title":{"rendered":"Jelentkez\u00e9si fel\u00fclet a b\u00e1ntalmaz\u00e1ssal vagy emberkereskedelemmel kapcsolatos t\u00e9r\u00edt\u00e9smentes szakmai tan\u00e1cskoz\u00e1son t\u00f6rt\u00e9n\u0151 r\u00e9szv\u00e9telhez"},"content":{"rendered":"\n<p>A k\u00e9pz\u00e9s lez\u00e1rult.<\/p>\n\n\n<div class=\"wp-block-image\">\n<figure class=\"alignright size-large is-resized\"><img fetchpriority=\"high\" decoding=\"async\" src=\"https:\/\/urlapok.hu\/nszi\/wp-content\/uploads\/2023\/08\/szechenyi-lablec-1024x708.jpg\" alt=\"\" class=\"wp-image-1653\" style=\"width:463px;height:321px\" width=\"463\" height=\"321\" srcset=\"https:\/\/urlapok.hu\/nszi\/wp-content\/uploads\/2023\/08\/szechenyi-lablec-1024x708.jpg 1024w, https:\/\/urlapok.hu\/nszi\/wp-content\/uploads\/2023\/08\/szechenyi-lablec-300x207.jpg 300w, https:\/\/urlapok.hu\/nszi\/wp-content\/uploads\/2023\/08\/szechenyi-lablec-768x531.jpg 768w, https:\/\/urlapok.hu\/nszi\/wp-content\/uploads\/2023\/08\/szechenyi-lablec.jpg 1453w\" sizes=\"(max-width: 463px) 100vw, 463px\" \/><\/figure>\n<\/div>","protected":false},"excerpt":{"rendered":"<p>A k\u00e9pz\u00e9s lez\u00e1rult.<\/p>\n","protected":false},"author":1,"featured_media":0,"parent":0,"menu_order":0,"comment_status":"closed","ping_status":"closed","template":"","meta":{"footnotes":""},"folder":[17],"class_list":["post-1674","page","type-page","status-publish"],"_links":{"self":[{"href":"https:\/\/urlapok.hu\/nszi\/wp-json\/wp\/v2\/pages\/1674","targetHints":{"allow":["GET"]}}],"collection":[{"href":"https:\/\/urlapok.hu\/nszi\/wp-json\/wp\/v2\/pages"}],"about":[{"href":"https:\/\/urlapok.hu\/nszi\/wp-json\/wp\/v2\/types\/page"}],"author":[{"embeddable":true,"href":"https:\/\/urlapok.hu\/nszi\/wp-json\/wp\/v2\/users\/1"}],"replies":[{"embeddable":true,"href":"https:\/\/urlapok.hu\/nszi\/wp-json\/wp\/v2\/comments?post=1674"}],"version-history":[{"count":8,"href":"https:\/\/urlapok.hu\/nszi\/wp-json\/wp\/v2\/pages\/1674\/revisions"}],"predecessor-version":[{"id":1817,"href":"https:\/\/urlapok.hu\/nszi\/wp-json\/wp\/v2\/pages\/1674\/revisions\/1817"}],"wp:attachment":[{"href":"https:\/\/urlapok.hu\/nszi\/wp-json\/wp\/v2\/media?parent=1674"}],"wp:term":[{"taxonomy":"folder","embeddable":true,"href":"https:\/\/urlapok.hu\/nszi\/wp-json\/wp\/v2\/folder?post=1674"}],"curies":[{"name":"wp","href":"https:\/\/api.w.org\/{rel}","templated":true}]}}