{"id":2457,"date":"2026-01-21T17:39:55","date_gmt":"2026-01-21T17:39:55","guid":{"rendered":"https:\/\/urlapok.hu\/nszi\/?page_id=2457"},"modified":"2026-02-16T19:33:17","modified_gmt":"2026-02-16T19:33:17","slug":"palyazati-sajtoengedely-kerelem-bekuldese","status":"publish","type":"page","link":"https:\/\/urlapok.hu\/nszi\/palyazati-sajtoengedely-kerelem-bekuldese\/","title":{"rendered":"P\u00e1ly\u00e1zati sajt\u00f3enged\u00e9ly-k\u00e9relem bek\u00fcld\u00e9se"},"content":{"rendered":"\t\t<div data-elementor-type=\"wp-page\" data-elementor-id=\"2457\" class=\"elementor elementor-2457\" data-elementor-post-type=\"page\">\n\t\t\t\t\t\t<section class=\"elementor-section elementor-top-section elementor-element elementor-element-290c4723 elementor-section-boxed elementor-section-height-default elementor-section-height-default\" data-id=\"290c4723\" data-element_type=\"section\">\n\t\t\t\t\t\t<div class=\"elementor-container elementor-column-gap-default\">\n\t\t\t\t\t<div class=\"elementor-column elementor-col-100 elementor-top-column elementor-element elementor-element-69f4cdfa\" data-id=\"69f4cdfa\" data-element_type=\"column\">\n\t\t\t<div class=\"elementor-widget-wrap elementor-element-populated\">\n\t\t\t\t\t\t<div class=\"elementor-element elementor-element-2ec8df70 elementor-widget elementor-widget-text-editor\" data-id=\"2ec8df70\" data-element_type=\"widget\" data-widget_type=\"text-editor.default\">\n\t\t\t\t<div class=\"elementor-widget-container\">\n\t\t\t\t\t\t\t\t\t<p>A Slachta Margit Nemzeti Szoci\u00e1lpolitikai Int\u00e9zet \u00e1ltal meghirdetett p\u00e1ly\u00e1zatokon nyertes szervezetek az al\u00e1bbi fel\u00fcleten ny\u00fajthatj\u00e1k be sajt\u00f3enged\u00e9ly-k\u00e9relm\u00fcket.<\/p><p>Az NSZI \u00e1ltal meghirdetett p\u00e1ly\u00e1zaton nyertes Kedvezm\u00e9nyezett sz\u00e1m\u00e1ra a t\u00e1mogat\u00e1si \u00f6sszegb\u0151l megval\u00f3sul\u00f3 kiadv\u00e1nyok, PR term\u00e9kek megjelentet\u00e9se, valamint a rendezv\u00e9nyek szervez\u00e9se sor\u00e1n a BM \u00e9s az NSZI log\u00f3j\u00e1nak felhaszn\u00e1l\u00e1sa \u00e9s a t\u00e1mogat\u00e1s t\u00e9ny\u00e9nek felt\u00fcntet\u00e9se k\u00f6telez\u0151.<\/p><p>A kiadv\u00e1nyokkal, PR term\u00e9kekkel \u00f6sszef\u00fcgg\u0151 k\u00f6lts\u00e9gek t\u00e1mogat\u00e1s terh\u00e9re t\u00f6rt\u00e9n\u0151 elsz\u00e1molhat\u00f3s\u00e1g\u00e1nak felt\u00e9tele, hogy minden sajt\u00f3term\u00e9k NSZI \u00e1ltal t\u00f6rt\u00e9n\u0151, k\u00f6zz\u00e9t\u00e9tel el\u0151tti j\u00f3v\u00e1hagy\u00e1sa sz\u00fcks\u00e9ges a p\u00e1ly\u00e1zati felh\u00edv\u00e1s, valamint a t\u00e1mogat\u00f3i okiratban foglalt elv\u00e1r\u00e1sok alapj\u00e1n. A p\u00e1ly\u00e1zat megval\u00f3s\u00edt\u00e1s\u00e1hoz kapcsol\u00f3d\u00f3 kommunik\u00e1ci\u00f3s- \u00e9s rendezv\u00e9nyszervez\u00e9si tev\u00e9kenys\u00e9g tekintet\u00e9tben az \u00c1SZF VI.5 &#8211; VI.10 pontj\u00e1ban foglaltak az ir\u00e1nyad\u00f3ak. A BM \u00e9s az NSZI log\u00f3inak el\u00e9rhet\u0151s\u00e9ge: <a href=\"https:\/\/nszi.hu\/palyazatok\/dokumentumok\">https:\/\/nszi.hu\/palyazatok\/dokumentumok<\/a><\/p><p>A Sajt\u00f3enged\u00e9ly-k\u00e9relem j\u00f3v\u00e1hagy\u00e1s\u00e1nak folyamata:<\/p><ol><li>A tervezett szakmai kiadv\u00e1ny, PR anyag, sz\u00f3r\u00f3lap, megh\u00edv\u00f3, k\u00f6z\u00f6ss\u00e9gi m\u00e9dia bejegyz\u00e9s tervezet\u00e9nek bek\u00fcld\u00e9se jelen fel\u00fcleten kereszt\u00fcl.<\/li><li>Az NSZI szak\u00e9rt\u0151i \u00e1ltal tett m\u00f3dos\u00edt\u00f3 javaslatokr\u00f3l, a Sajt\u00f3enged\u00e9ly-k\u00e9relem j\u00f3v\u00e1hagy\u00e1s\u00e1r\u00f3l e-mail \u00fatj\u00e1n \u00e9rtes\u00edtj\u00fck a Kedvezm\u00e9nyezettet.<\/li><\/ol><p><strong>K\u00e9rj\u00fck, hogy a sajt\u00f3enged\u00e9ly-k\u00e9relem beny\u00fajt\u00e1s\u00e1hoz az al\u00e1bbi sz\u00f6vegdobozokat t\u00f6ltse ki!<\/strong><\/p><p>A csillaggal (*) megjel\u00f6lt mez\u0151k kit\u00f6lt\u00e9se k\u00f6telez\u0151!<\/p>\t\t\t\t\t\t\t\t<\/div>\n\t\t\t\t<\/div>\n\t\t\t\t\t<\/div>\n\t\t<\/div>\n\t\t\t\t\t<\/div>\n\t\t<\/section>\n\t\t\t\t<section class=\"elementor-section elementor-top-section elementor-element elementor-element-49271a92 elementor-section-boxed elementor-section-height-default elementor-section-height-default\" data-id=\"49271a92\" data-element_type=\"section\">\n\t\t\t\t\t\t<div class=\"elementor-container elementor-column-gap-default\">\n\t\t\t\t\t<div class=\"elementor-column elementor-col-100 elementor-top-column elementor-element elementor-element-3dfaf8c6\" data-id=\"3dfaf8c6\" data-element_type=\"column\">\n\t\t\t<div class=\"elementor-widget-wrap elementor-element-populated\">\n\t\t\t\t\t\t<div class=\"elementor-element elementor-element-49d8d029 elementor-button-align-start elementor-widget__width-initial elementor-widget elementor-widget-form\" data-id=\"49d8d029\" data-element_type=\"widget\" data-settings=\"{&quot;step_next_label&quot;:&quot;K\\u00f6vetkez\\u0151&quot;,&quot;step_previous_label&quot;:&quot;El\\u00f6z\\u0151&quot;,&quot;button_width&quot;:&quot;100&quot;,&quot;step_type&quot;:&quot;number_text&quot;,&quot;step_icon_shape&quot;:&quot;circle&quot;}\" data-widget_type=\"form.default\">\n\t\t\t\t<div class=\"elementor-widget-container\">\n\t\t\t\t\t\t\t<form class=\"elementor-form\" method=\"post\" name=\"P\u00e1ly\u00e1zati sajt\u00f3enged\u00e9ly-k\u00e9relem bek\u00fcld\u00e9se\" aria-label=\"P\u00e1ly\u00e1zati sajt\u00f3enged\u00e9ly-k\u00e9relem bek\u00fcld\u00e9se\" novalidate=\"\">\n\t\t\t<input type=\"hidden\" name=\"post_id\" value=\"2457\"\/>\n\t\t\t<input type=\"hidden\" name=\"form_id\" value=\"49d8d029\"\/>\n\t\t\t<input type=\"hidden\" name=\"referer_title\" value=\"\" \/>\n\n\t\t\t\n\t\t\t<div class=\"elementor-form-fields-wrapper elementor-labels-above\">\n\t\t\t\t\t\t\t\t<div class=\"elementor-field-type-html elementor-field-group elementor-column elementor-field-group-field_f45d1f2 elementor-col-100\">\n\t\t\t\t\t<span><strong><u>Adatok:<\/u><\/strong><\/span>\t\t\t\t<\/div>\n\t\t\t\t\t\t\t\t<div class=\"elementor-field-type-select elementor-field-group elementor-column elementor-field-group-1 elementor-col-75 elementor-field-required elementor-mark-required\">\n\t\t\t\t\t\t\t\t\t\t\t\t<label for=\"form-field-1\" class=\"elementor-field-label\">\n\t\t\t\t\t\t\t\t1. P\u00e1ly\u00e1zati konstrukci\u00f3 t\u00edpusa:\t\t\t\t\t\t\t<\/label>\n\t\t\t\t\t\t\t\t<div class=\"elementor-field elementor-select-wrapper remove-before \">\n\t\t\t<div class=\"select-caret-down-wrapper\">\n\t\t\t\t<i aria-hidden=\"true\" class=\"eicon-caret-down\"><\/i>\t\t\t<\/div>\n\t\t\t<select name=\"form_fields[1]\" id=\"form-field-1\" class=\"elementor-field-textual elementor-size-md\" required=\"required\">\n\t\t\t\t\t\t\t\t\t<option value=\"\"><\/option>\n\t\t\t\t\t\t\t\t\t<option value=\"AUT\">AUT<\/option>\n\t\t\t\t\t\t\t\t\t<option value=\"CH\">CH<\/option>\n\t\t\t\t\t\t\t\t\t<option value=\"OS\">OS<\/option>\n\t\t\t\t\t\t\t\t\t<option value=\"SKK\">SKK<\/option>\n\t\t\t\t\t\t\t\t\t<option value=\"SZ\u00dcL\u0150\">SZ\u00dcL\u0150<\/option>\n\t\t\t\t\t\t\t\t\t<option value=\"FOF\">FOF<\/option>\n\t\t\t\t\t\t\t\t\t<option value=\"FOGLALKOZTAT\u00c1S\">FOGLALKOZTAT\u00c1S<\/option>\n\t\t\t\t\t\t\t\t\t<option value=\"TL\">TL<\/option>\n\t\t\t\t\t\t\t\t\t<option value=\"TSZR\">TSZR<\/option>\n\t\t\t\t\t\t\t\t\t<option value=\"AUT\u00d3PLUSZ\">AUT\u00d3PLUSZ<\/option>\n\t\t\t\t\t\t\t\t\t<option value=\"ESZ\">ESZ<\/option>\n\t\t\t\t\t\t\t\t\t<option value=\"FEJL-E\">FEJL-E<\/option>\n\t\t\t\t\t\t\t\t\t<option value=\"FF\">FF<\/option>\n\t\t\t\t\t\t\t\t\t<option value=\"JHS\">JHS<\/option>\n\t\t\t\t\t\t\t\t\t<option value=\"LSER\">LSER<\/option>\n\t\t\t\t\t\t\t<\/select>\n\t\t<\/div>\n\t\t\t\t\t\t<\/div>\n\t\t\t\t\t\t\t\t<div class=\"elementor-field-type-text elementor-field-group elementor-column elementor-field-group-2 elementor-col-75 elementor-field-required elementor-mark-required\">\n\t\t\t\t\t\t\t\t\t\t\t\t<label for=\"form-field-2\" class=\"elementor-field-label\">\n\t\t\t\t\t\t\t\t2. Nyertes p\u00e1ly\u00e1zat k\u00f3dsz\u00e1ma (teljes k\u00f3dsz\u00e1m felt\u00fcntet\u00e9se sz\u00fcks\u00e9ges, p\u00e9ld\u00e1ul: SKK2024-A-1234:\t\t\t\t\t\t\t<\/label>\n\t\t\t\t\t\t\t\t\t\t\t\t\t\t<input size=\"1\" type=\"text\" name=\"form_fields[2]\" id=\"form-field-2\" class=\"elementor-field elementor-size-md  elementor-field-textual\" placeholder=\"Sz\u00f6veg be\u00edr\u00e1s\u00e1hoz kattintson vagy koppintson ide.\" required=\"required\">\n\t\t\t\t\t\t\t\t\t\t\t<\/div>\n\t\t\t\t\t\t\t\t<div class=\"elementor-field-type-text elementor-field-group elementor-column elementor-field-group-3 elementor-col-75 elementor-field-required elementor-mark-required\">\n\t\t\t\t\t\t\t\t\t\t\t\t<label for=\"form-field-3\" class=\"elementor-field-label\">\n\t\t\t\t\t\t\t\t3. Szervezet neve:\t\t\t\t\t\t\t<\/label>\n\t\t\t\t\t\t\t\t\t\t\t\t\t\t<input size=\"1\" type=\"text\" name=\"form_fields[3]\" id=\"form-field-3\" class=\"elementor-field elementor-size-md  elementor-field-textual\" placeholder=\"Sz\u00f6veg be\u00edr\u00e1s\u00e1hoz kattintson vagy koppintson ide.\" required=\"required\">\n\t\t\t\t\t\t\t\t\t\t\t<\/div>\n\t\t\t\t\t\t\t\t<div class=\"elementor-field-type-text elementor-field-group elementor-column elementor-field-group-4 elementor-col-75 elementor-field-required elementor-mark-required\">\n\t\t\t\t\t\t\t\t\t\t\t\t<label for=\"form-field-4\" class=\"elementor-field-label\">\n\t\t\t\t\t\t\t\t4. Sajt\u00f3enged\u00e9ly-k\u00e9relmet beny\u00fajt\u00f3 Kapcsolattart\u00f3 neve:\t\t\t\t\t\t\t<\/label>\n\t\t\t\t\t\t\t\t\t\t\t\t\t\t<input size=\"1\" type=\"text\" name=\"form_fields[4]\" id=\"form-field-4\" class=\"elementor-field elementor-size-md  elementor-field-textual\" placeholder=\"Sz\u00f6veg be\u00edr\u00e1s\u00e1hoz kattintson vagy koppintson ide.\" required=\"required\">\n\t\t\t\t\t\t\t\t\t\t\t<\/div>\n\t\t\t\t\t\t\t\t<div class=\"elementor-field-type-email elementor-field-group elementor-column elementor-field-group-5 elementor-col-75 elementor-field-required elementor-mark-required\">\n\t\t\t\t\t\t\t\t\t\t\t\t<label for=\"form-field-5\" class=\"elementor-field-label\">\n\t\t\t\t\t\t\t\t5. Kapcsolattart\u00f3 e-mail c\u00edme:\t\t\t\t\t\t\t<\/label>\n\t\t\t\t\t\t\t\t\t\t\t\t\t\t<input size=\"1\" type=\"email\" name=\"form_fields[5]\" id=\"form-field-5\" class=\"elementor-field elementor-size-md  elementor-field-textual\" placeholder=\"Sz\u00f6veg be\u00edr\u00e1s\u00e1hoz kattintson vagy koppintson ide.\" required=\"required\">\n\t\t\t\t\t\t\t\t\t\t\t<\/div>\n\t\t\t\t\t\t\t\t<div class=\"elementor-field-type-text elementor-field-group elementor-column elementor-field-group-6 elementor-col-75 elementor-field-required elementor-mark-required\">\n\t\t\t\t\t\t\t\t\t\t\t\t<label for=\"form-field-6\" class=\"elementor-field-label\">\n\t\t\t\t\t\t\t\t6. Kapcsolattart\u00f3 telefonsz\u00e1ma:\t\t\t\t\t\t\t<\/label>\n\t\t\t\t\t\t\t\t\t\t\t\t\t\t<input size=\"1\" type=\"text\" name=\"form_fields[6]\" id=\"form-field-6\" class=\"elementor-field elementor-size-md  elementor-field-textual\" placeholder=\"Sz\u00f6veg be\u00edr\u00e1s\u00e1hoz kattintson vagy koppintson ide.\" value=\"+36\" required=\"required\">\n\t\t\t\t\t\t\t\t\t\t\t<\/div>\n\t\t\t\t\t\t\t\t<div class=\"elementor-field-type-html elementor-field-group elementor-column elementor-field-group-field_cc9836b elementor-col-100\">\n\t\t\t\t\t<span style=\"display:block; margin-top:30px;\">\n  <strong><u>Kommunik\u00e1ci\u00f3:<\/u><\/strong>\n<\/span>\t\t\t\t<\/div>\n\t\t\t\t\t\t\t\t<div class=\"elementor-field-type-text elementor-field-group elementor-column elementor-field-group-7 elementor-col-75 elementor-field-required elementor-mark-required\">\n\t\t\t\t\t\t\t\t\t\t\t\t<label for=\"form-field-7\" class=\"elementor-field-label\">\n\t\t\t\t\t\t\t\t1. Tervezett megjelen\u00e9s form\u00e1ja (k\u00f6z\u00f6ss\u00e9gi m\u00e9dia bejegyz\u00e9s, weboldal megjelen\u00e9s, nyomtatott kiadv\u00e1ny stb.):\t\t\t\t\t\t\t<\/label>\n\t\t\t\t\t\t\t\t\t\t\t\t\t\t<input size=\"1\" type=\"text\" name=\"form_fields[7]\" id=\"form-field-7\" class=\"elementor-field elementor-size-md  elementor-field-textual\" placeholder=\"Sz\u00f6veg be\u00edr\u00e1s\u00e1hoz kattintson vagy koppintson ide.\" required=\"required\">\n\t\t\t\t\t\t\t\t\t\t\t<\/div>\n\t\t\t\t\t\t\t\t<div class=\"elementor-field-type-select elementor-field-group elementor-column elementor-field-group-8 elementor-col-75 elementor-field-required elementor-mark-required\">\n\t\t\t\t\t\t\t\t\t\t\t\t<label for=\"form-field-8\" class=\"elementor-field-label\">\n\t\t\t\t\t\t\t\t2. Az esem\u00e9ny kapcs\u00e1n szerveznek sajt\u00f3t\u00e1j\u00e9koztat\u00f3t?\t\t\t\t\t\t\t<\/label>\n\t\t\t\t\t\t\t\t<div class=\"elementor-field elementor-select-wrapper remove-before \">\n\t\t\t<div class=\"select-caret-down-wrapper\">\n\t\t\t\t<i aria-hidden=\"true\" class=\"eicon-caret-down\"><\/i>\t\t\t<\/div>\n\t\t\t<select name=\"form_fields[8]\" id=\"form-field-8\" class=\"elementor-field-textual elementor-size-md\" required=\"required\">\n\t\t\t\t\t\t\t\t\t<option value=\"\"><\/option>\n\t\t\t\t\t\t\t\t\t<option value=\"Igen\">Igen<\/option>\n\t\t\t\t\t\t\t\t\t<option value=\"Nem\">Nem<\/option>\n\t\t\t\t\t\t\t<\/select>\n\t\t<\/div>\n\t\t\t\t\t\t<\/div>\n\t\t\t\t\t\t\t\t<div class=\"elementor-field-type-textarea elementor-field-group elementor-column elementor-field-group-9 elementor-col-75 elementor-field-required elementor-mark-required\">\n\t\t\t\t\t\t\t\t\t\t\t\t<label for=\"form-field-9\" class=\"elementor-field-label\">\n\t\t\t\t\t\t\t\t3. K\u00f6zz\u00e9t\u00e9telre sz\u00e1nt bejegyz\u00e9s\/ t\u00e1j\u00e9koztat\u00e1s\/ interj\u00fa r\u00e9szletes tartalma:\t\t\t\t\t\t\t<\/label>\n\t\t\t\t\t\t<textarea class=\"elementor-field-textual elementor-field  elementor-size-md\" name=\"form_fields[9]\" id=\"form-field-9\" rows=\"4\" placeholder=\"Sz\u00f6veg be\u00edr\u00e1s\u00e1hoz kattintson vagy koppintson ide.\" required=\"required\"><\/textarea>\t\t\t\t<\/div>\n\t\t\t\t\t\t\t\t<div class=\"elementor-field-type-textarea elementor-field-group elementor-column elementor-field-group-10 elementor-col-75 elementor-field-required elementor-mark-required\">\n\t\t\t\t\t\t\t\t\t\t\t\t<label for=\"form-field-10\" class=\"elementor-field-label\">\n\t\t\t\t\t\t\t\t4. Megjelentet\u00e9s helye (a szervezet weboldala, workshop helysz\u00edne stb.):\t\t\t\t\t\t\t<\/label>\n\t\t\t\t\t\t<textarea class=\"elementor-field-textual elementor-field  elementor-size-md\" name=\"form_fields[10]\" id=\"form-field-10\" rows=\"4\" placeholder=\"Sz\u00f6veg be\u00edr\u00e1s\u00e1hoz kattintson vagy koppintson ide.\" required=\"required\"><\/textarea>\t\t\t\t<\/div>\n\t\t\t\t\t\t\t\t<div class=\"elementor-field-type-textarea elementor-field-group elementor-column elementor-field-group-11 elementor-col-75 elementor-field-required elementor-mark-required\">\n\t\t\t\t\t\t\t\t\t\t\t\t<label for=\"form-field-11\" class=\"elementor-field-label\">\n\t\t\t\t\t\t\t\t5. A rendezv\u00e9ny r\u00e9sztvev\u0151i, a riport \/ interj\u00fa alanya(i):\t\t\t\t\t\t\t<\/label>\n\t\t\t\t\t\t<textarea class=\"elementor-field-textual elementor-field  elementor-size-md\" name=\"form_fields[11]\" id=\"form-field-11\" rows=\"4\" placeholder=\"Sz\u00f6veg be\u00edr\u00e1s\u00e1hoz kattintson vagy koppintson ide.\" required=\"required\"><\/textarea>\t\t\t\t<\/div>\n\t\t\t\t\t\t\t\t<div class=\"elementor-field-type-textarea elementor-field-group elementor-column elementor-field-group-12 elementor-col-75\">\n\t\t\t\t\t\t\t\t\t\t\t\t<label for=\"form-field-12\" class=\"elementor-field-label\">\n\t\t\t\t\t\t\t\t6. Megjegyz\u00e9s:\t\t\t\t\t\t\t<\/label>\n\t\t\t\t\t\t<textarea class=\"elementor-field-textual elementor-field  elementor-size-md\" name=\"form_fields[12]\" id=\"form-field-12\" rows=\"4\" placeholder=\"Sz\u00f6veg be\u00edr\u00e1s\u00e1hoz kattintson vagy koppintson ide.\"><\/textarea>\t\t\t\t<\/div>\n\t\t\t\t\t\t\t\t<div class=\"elementor-field-type-upload elementor-field-group elementor-column elementor-field-group-13 elementor-col-60\">\n\t\t\t\t\t\t\t\t\t\t\t\t<label for=\"form-field-13\" class=\"elementor-field-label\">\n\t\t\t\t\t\t\t\t<span><strong>7. K\u00e9rj\u00fck, t\u00f6ltse fel a k\u00f6zz\u00e9t\u00e9telre sz\u00e1nt dokumentumot!<\/strong><\/span> <div class=\"field-description\">   Elfogadott form\u00e1tumok: .pdf, .docx, .jpeg, .png. A dokumentumok maxim\u00e1lis m\u00e9rete: 20 MB.    Ha a bek\u00fcldend\u0151 dokumentum enn\u00e9l nagyobb m\u00e9ret\u0171, a Megjegyz\u00e9s mez\u0151ben k\u00e9rj\u00fck megadni a f\u00e1jl let\u00f6lt\u00e9si hely\u00e9t (Google Drive, OneDrive stb.)!   Az \u00edrott szakmai anyagokat (el\u0151ad\u00e1s, t\u00e1j\u00e9koztat\u00f3 f\u00fczet, antol\u00f3gia, receptk\u00f6nyv stb.) szerkeszthet\u0151 form\u00e1ban sz\u00edveskedjenek felt\u00f6lteni (jellemz\u0151en .pptx, .docx)! <\/div>\t\t\t\t\t\t\t<\/label>\n\t\t\t\t\t\t\t\t<input type=\"file\" name=\"form_fields[13][]\" id=\"form-field-13\" class=\"elementor-field elementor-size-md  elementor-upload-field\" multiple=\"multiple\" data-maxsize=\"20\" data-maxsize-message=\"This file exceeds the maximum allowed size.\">\n\n\t\t\t\t\t\t<\/div>\n\t\t\t\t\t\t\t\t<div class=\"elementor-field-type-radio elementor-field-group elementor-column elementor-field-group-14 elementor-col-100 elementor-field-required elementor-mark-required\">\n\t\t\t\t\t\t\t\t\t\t\t\t<label for=\"form-field-14\" class=\"elementor-field-label\">\n\t\t\t\t\t\t\t\t<span style=\"display:inline-block; margin-top:30px;\">   <strong><u>Adatkezel\u00e9ssel kapcsolatos nyilatkozatok:<\/u><\/strong> <\/span>\t\t\t\t\t\t\t<\/label>\n\t\t\t\t\t\t<div class=\"elementor-field-subgroup  \"><span class=\"elementor-field-option\"><input type=\"radio\" value=\"Jelen sajt\u00f3enged\u00e9ly-k\u00e9relem vonatkoz\u00e1s\u00e1ban adatkezel\u00e9ssel \u00e9rintett vide\u00f3, fot\u00f3, hangfelv\u00e9tel nem ker\u00fcl k\u00f6zz\u00e9t\u00e9telre, \u00edgy adatv\u00e9delmi hozz\u00e1j\u00e1rul\u00e1s bek\u00fcld\u00e9se az NSZI r\u00e9sz\u00e9re nem relev\u00e1ns.\" id=\"form-field-14-0\" name=\"form_fields[14]\" required=\"required\"> <label for=\"form-field-14-0\">Jelen sajt\u00f3enged\u00e9ly-k\u00e9relem vonatkoz\u00e1s\u00e1ban adatkezel\u00e9ssel \u00e9rintett vide\u00f3, fot\u00f3, hangfelv\u00e9tel nem ker\u00fcl k\u00f6zz\u00e9t\u00e9telre, \u00edgy adatv\u00e9delmi hozz\u00e1j\u00e1rul\u00e1s bek\u00fcld\u00e9se az NSZI r\u00e9sz\u00e9re nem relev\u00e1ns.<\/label><\/span><span class=\"elementor-field-option\"><input type=\"radio\" value=\"Jelen sajt\u00f3enged\u00e9ly-k\u00e9relem t\u00e1rgy\u00e1ban vide\u00f3, fot\u00f3, hangfelv\u00e9tel vonatkoz\u00e1s\u00e1ban az adatv\u00e9delmi hozz\u00e1j\u00e1rul\u00e1sok szervezet\u00fcnk birtok\u00e1ban \u00e1llnak.\" id=\"form-field-14-1\" name=\"form_fields[14]\" required=\"required\"> <label for=\"form-field-14-1\">Jelen sajt\u00f3enged\u00e9ly-k\u00e9relem t\u00e1rgy\u00e1ban vide\u00f3, fot\u00f3, hangfelv\u00e9tel vonatkoz\u00e1s\u00e1ban az adatv\u00e9delmi hozz\u00e1j\u00e1rul\u00e1sok szervezet\u00fcnk birtok\u00e1ban \u00e1llnak.<\/label><\/span><span class=\"elementor-field-option\"><input type=\"radio\" value=\"Jelen sajt\u00f3enged\u00e9ly-k\u00e9relem t\u00e1rgy\u00e1ban vide\u00f3, fot\u00f3, hangfelv\u00e9tel vonatkoz\u00e1s\u00e1ban az adatv\u00e9delmi hozz\u00e1j\u00e1rul\u00e1sok beszerz\u00e9se folyamatban van, ezt k\u00f6vet\u0151en ker\u00fcl a vide\u00f3, fot\u00f3, hangfelv\u00e9tel k\u00f6zz\u00e9t\u00e9telre.\" id=\"form-field-14-2\" name=\"form_fields[14]\" required=\"required\"> <label for=\"form-field-14-2\">Jelen sajt\u00f3enged\u00e9ly-k\u00e9relem t\u00e1rgy\u00e1ban vide\u00f3, fot\u00f3, hangfelv\u00e9tel vonatkoz\u00e1s\u00e1ban az adatv\u00e9delmi hozz\u00e1j\u00e1rul\u00e1sok beszerz\u00e9se folyamatban van, ezt k\u00f6vet\u0151en ker\u00fcl a vide\u00f3, fot\u00f3, hangfelv\u00e9tel k\u00f6zz\u00e9t\u00e9telre.<\/label><\/span><\/div>\t\t\t\t<\/div>\n\t\t\t\t\t\t\t\t<div class=\"elementor-field-type-acceptance elementor-field-group elementor-column elementor-field-group-16 elementor-col-100 elementor-field-required elementor-mark-required\">\n\t\t\t\t\t\t\t<div class=\"elementor-field-subgroup\">\n\t\t\t<span class=\"elementor-field-option\">\n\t\t\t\t<input type=\"checkbox\" name=\"form_fields[16]\" id=\"form-field-16\" class=\"elementor-field elementor-size-md  elementor-acceptance-field\" required=\"required\">\n\t\t\t\t<label for=\"form-field-16\">Meger\u0151s\u00edtem, hogy a megadott adatok val\u00f3sak \u00e9s helyesek, valamint nyilatkozom arr\u00f3l, hogy jelen sajt\u00f3enged\u00e9ly-k\u00e9relem beny\u00fajt\u00e1sa tekintet\u00e9ben a szervezet t\u00f6rv\u00e9nyes k\u00e9pvisel\u0151j\u00e9nek j\u00f3v\u00e1hagy\u00e1s\u00e1val rendelkezem.<\/label>\t\t\t<\/span>\n\t\t<\/div>\n\t\t\t\t\t\t<\/div>\n\t\t\t\t\t\t\t\t<div class=\"elementor-field-type-acceptance elementor-field-group elementor-column elementor-field-group-17 elementor-col-100 elementor-field-required elementor-mark-required\">\n\t\t\t\t\t\t\t<div class=\"elementor-field-subgroup\">\n\t\t\t<span class=\"elementor-field-option\">\n\t\t\t\t<input type=\"checkbox\" name=\"form_fields[17]\" id=\"form-field-17\" class=\"elementor-field elementor-size-md  elementor-acceptance-field\" required=\"required\">\n\t\t\t\t<label for=\"form-field-17\">Ez\u00faton hozz\u00e1j\u00e1rulok ahhoz, hogy jelen k\u00e9relemben foglalt szem\u00e9lyes adataimat (n\u00e9v, e-mail c\u00edm) az NSZI kezelje. <\/label>\t\t\t<\/span>\n\t\t<\/div>\n\t\t\t\t\t\t<\/div>\n\t\t\t\t\t\t\t\t<div class=\"elementor-field-type-recaptcha_v3 elementor-field-group elementor-column elementor-field-group-18 elementor-col-100 recaptcha_v3-bottomright\">\n\t\t\t\t\t<div class=\"elementor-field\" id=\"form-field-18\"><div class=\"elementor-g-recaptcha\" data-sitekey=\"6Ld8p7clAAAAAPkGNU7oLfwAAzN3lOIsMppNpWuY\" data-type=\"v3\" data-action=\"Form\" data-badge=\"bottomright\" data-size=\"invisible\"><\/div><\/div>\t\t\t\t<\/div>\n\t\t\t\t\t\t\t\t<div class=\"elementor-field-type-text\">\n\t\t\t\t\t<input size=\"1\" type=\"text\" name=\"form_fields[19]\" id=\"form-field-19\" class=\"elementor-field elementor-size-md \" style=\"display:none !important;\">\t\t\t\t<\/div>\n\t\t\t\t\t\t\t\t<div class=\"elementor-field-group elementor-column elementor-field-type-submit elementor-col-100 e-form__buttons\">\n\t\t\t\t\t<button class=\"elementor-button elementor-size-md\" type=\"submit\">\n\t\t\t\t\t\t<span class=\"elementor-button-content-wrapper\">\n\t\t\t\t\t\t\t\t\t\t\t\t\t\t\t\t\t\t\t\t\t\t<span class=\"elementor-button-text\">BEK\u00dcLD\u00c9S<\/span>\n\t\t\t\t\t\t\t\t\t\t\t\t\t<\/span>\n\t\t\t\t\t<\/button>\n\t\t\t\t<\/div>\n\t\t\t<\/div>\n\t\t<\/form>\n\t\t\t\t\t\t<\/div>\n\t\t\t\t<\/div>\n\t\t\t\t<div class=\"elementor-element elementor-element-48f7e780 elementor-widget elementor-widget-text-editor\" data-id=\"48f7e780\" data-element_type=\"widget\" data-widget_type=\"text-editor.default\">\n\t\t\t\t<div class=\"elementor-widget-container\">\n\t\t\t\t\t\t\t\t\t<p>K\u00e9rem sz\u00edves t\u00fcrelm\u00e9t a \u201e<strong>BEK\u00dcLD\u00c9S<\/strong>\u201d gombra t\u00f6rt\u00e9n\u0151 kattint\u00e1st k\u00f6vet\u0151en a rendszer befogad\u00e1s\u00e1ig. Ez v\u00e1rhat\u00f3an 0,5 \u2013 1 percet ig\u00e9nybe vehet!<\/p><p>Sikeres bek\u00fcld\u00e9s eset\u00e9n a k\u00f6vetkez\u0151 sz\u00f6veg jelenik meg: \u201eAz \u0171rlap bek\u00fcld\u00e9se sikeresen megt\u00f6rt\u00e9nt.&#8221;<\/p><p style=\"margin: 0cm; text-align: center;\" align=\"center\">K\u00f6sz\u00f6nj\u00fck!<\/p><p style=\"margin: 0cm; text-align: center;\" align=\"center\">Slachta Margit Nemzeti Szoci\u00e1lpolitikai Int\u00e9zet<br \/>P\u00e1ly\u00e1zati Igazgat\u00f3s\u00e1g<\/p>\t\t\t\t\t\t\t\t<\/div>\n\t\t\t\t<\/div>\n\t\t\t\t\t<\/div>\n\t\t<\/div>\n\t\t\t\t\t<\/div>\n\t\t<\/section>\n\t\t\t\t<\/div>\n\t\t","protected":false},"excerpt":{"rendered":"<p>A Slachta Margit Nemzeti Szoci\u00e1lpolitikai Int\u00e9zet \u00e1ltal meghirdetett p\u00e1ly\u00e1zatokon nyertes szervezetek az al\u00e1bbi fel\u00fcleten ny\u00fajthatj\u00e1k be sajt\u00f3enged\u00e9ly-k\u00e9relm\u00fcket. Az NSZI \u00e1ltal meghirdetett p\u00e1ly\u00e1zaton nyertes Kedvezm\u00e9nyezett sz\u00e1m\u00e1ra a t\u00e1mogat\u00e1si \u00f6sszegb\u0151l megval\u00f3sul\u00f3 kiadv\u00e1nyok, PR term\u00e9kek megjelentet\u00e9se, valamint a rendezv\u00e9nyek szervez\u00e9se sor\u00e1n a BM \u00e9s az NSZI log\u00f3j\u00e1nak felhaszn\u00e1l\u00e1sa \u00e9s a t\u00e1mogat\u00e1s t\u00e9ny\u00e9nek felt\u00fcntet\u00e9se k\u00f6telez\u0151. A kiadv\u00e1nyokkal, PR term\u00e9kekkel &#8230; <a title=\"P\u00e1ly\u00e1zati sajt\u00f3enged\u00e9ly-k\u00e9relem bek\u00fcld\u00e9se\" class=\"read-more\" href=\"https:\/\/urlapok.hu\/nszi\/palyazati-sajtoengedely-kerelem-bekuldese\/\" aria-label=\"Read more about P\u00e1ly\u00e1zati sajt\u00f3enged\u00e9ly-k\u00e9relem bek\u00fcld\u00e9se\">Olvass tov\u00e1bb<\/a><\/p>\n","protected":false},"author":1,"featured_media":0,"parent":0,"menu_order":0,"comment_status":"closed","ping_status":"closed","template":"","meta":{"footnotes":""},"folder":[11],"class_list":["post-2457","page","type-page","status-publish"],"_links":{"self":[{"href":"https:\/\/urlapok.hu\/nszi\/wp-json\/wp\/v2\/pages\/2457","targetHints":{"allow":["GET"]}}],"collection":[{"href":"https:\/\/urlapok.hu\/nszi\/wp-json\/wp\/v2\/pages"}],"about":[{"href":"https:\/\/urlapok.hu\/nszi\/wp-json\/wp\/v2\/types\/page"}],"author":[{"embeddable":true,"href":"https:\/\/urlapok.hu\/nszi\/wp-json\/wp\/v2\/users\/1"}],"replies":[{"embeddable":true,"href":"https:\/\/urlapok.hu\/nszi\/wp-json\/wp\/v2\/comments?post=2457"}],"version-history":[{"count":100,"href":"https:\/\/urlapok.hu\/nszi\/wp-json\/wp\/v2\/pages\/2457\/revisions"}],"predecessor-version":[{"id":2578,"href":"https:\/\/urlapok.hu\/nszi\/wp-json\/wp\/v2\/pages\/2457\/revisions\/2578"}],"wp:attachment":[{"href":"https:\/\/urlapok.hu\/nszi\/wp-json\/wp\/v2\/media?parent=2457"}],"wp:term":[{"taxonomy":"folder","embeddable":true,"href":"https:\/\/urlapok.hu\/nszi\/wp-json\/wp\/v2\/folder?post=2457"}],"curies":[{"name":"wp","href":"https:\/\/api.w.org\/{rel}","templated":true}]}}