{"id":407,"date":"2021-08-14T12:39:10","date_gmt":"2021-08-14T12:39:10","guid":{"rendered":"https:\/\/urlap.nszi.hu\/?page_id=407"},"modified":"2023-08-16T17:35:18","modified_gmt":"2023-08-16T17:35:18","slug":"szocialis-diagnozis-erzekenyito-trening-2021-09-23","status":"publish","type":"page","link":"https:\/\/urlapok.hu\/nszi\/szocialis-diagnozis-erzekenyito-trening-2021-09-23\/","title":{"rendered":"Szoci\u00e1lis diagn\u00f3zis \u00e9rz\u00e9keny\u00edt\u0151 tr\u00e9ning 2021.09.23."},"content":{"rendered":"\t\t<div data-elementor-type=\"wp-page\" data-elementor-id=\"407\" class=\"elementor elementor-407\" data-elementor-post-type=\"page\">\n\t\t\t\t\t\t<section class=\"elementor-section elementor-top-section elementor-element elementor-element-5fec3f92 elementor-section-boxed elementor-section-height-default elementor-section-height-default\" data-id=\"5fec3f92\" data-element_type=\"section\">\n\t\t\t\t\t\t<div class=\"elementor-container elementor-column-gap-default\">\n\t\t\t\t\t<div class=\"elementor-column elementor-col-100 elementor-top-column elementor-element elementor-element-561caa1\" data-id=\"561caa1\" data-element_type=\"column\">\n\t\t\t<div class=\"elementor-widget-wrap elementor-element-populated\">\n\t\t\t\t\t\t<div class=\"elementor-element elementor-element-6cb460c4 elementor-widget elementor-widget-heading\" data-id=\"6cb460c4\" data-element_type=\"widget\" data-widget_type=\"heading.default\">\n\t\t\t\t<div class=\"elementor-widget-container\">\n\t\t\t\t\t<h4 class=\"elementor-heading-title elementor-size-default\">EFOP-1.9.4-VEKOP-16-2016-00001\n\u201eA SZOCI\u00c1LIS \u00c1GAZAT M\u00d3DSZERTANI \u00c9S INFORM\u00c1CI\u00d3S RENDSZEREINEK MEG\u00daJ\u00cdT\u00c1SA\u201d C. KIEMELT PROJEKT\n\n<\/h4>\t\t\t\t<\/div>\n\t\t\t\t<\/div>\n\t\t\t\t\t<\/div>\n\t\t<\/div>\n\t\t\t\t\t<\/div>\n\t\t<\/section>\n\t\t\t\t<section class=\"elementor-section elementor-top-section elementor-element elementor-element-7a273412 elementor-section-boxed elementor-section-height-default elementor-section-height-default\" data-id=\"7a273412\" data-element_type=\"section\">\n\t\t\t\t\t\t<div class=\"elementor-container elementor-column-gap-default\">\n\t\t\t\t\t<div class=\"elementor-column elementor-col-100 elementor-top-column elementor-element elementor-element-5c3ee22e\" data-id=\"5c3ee22e\" data-element_type=\"column\">\n\t\t\t<div class=\"elementor-widget-wrap elementor-element-populated\">\n\t\t\t\t\t\t<div class=\"elementor-element elementor-element-209771bb elementor-widget elementor-widget-text-editor\" data-id=\"209771bb\" data-element_type=\"widget\" data-widget_type=\"text-editor.default\">\n\t\t\t\t<div class=\"elementor-widget-container\">\n\t\t\t\t\t\t\t\t\t<p><b>K\u00e9rj\u00fck a sz\u00f6vegdobozokat t\u00f6ltse ki!<br \/>A csillaggal (*) jel\u00f6lt mez\u0151k kit\u00f6lt\u00e9se k\u00f6telez\u0151!<\/b><\/p><p>Az EFOP-1.9.4. kiemelt projekt a csal\u00e1d- \u00e9s gyermekj\u00f3l\u00e9ti szolg\u00e1latokban dolgoz\u00f3 csal\u00e1dseg\u00edt\u0151 szakemberek sz\u00e1m\u00e1ra \u00e9rz\u00e9keny\u00edt\u0151 tr\u00e9ninget szervez a szoci\u00e1lis diagn\u00f3zis szakmai hat\u00e9konys\u00e1ga c\u00e9lj\u00e1b\u00f3l. A felk\u00e9sz\u00edt\u00e9sben r\u00e9sztvev\u0151 csal\u00e1dseg\u00edt\u0151 szakemberek bevon\u00e1sa a hat\u00e9konys\u00e1got \u00e9s eredm\u00e9nyess\u00e9get n\u00f6veli a szoci\u00e1lis diagn\u00f3zis felv\u00e9tel\u00e9ben. A tr\u00e9ning tov\u00e1bbi c\u00e9lja, hogy seg\u00edtse a csal\u00e1d -\u00e9s gyermekj\u00f3l\u00e9ti szolg\u00e1latok \u00e9s a csal\u00e1d \u2013\u00e9s gyermekj\u00f3l\u00e9ti k\u00f6zpontok egy\u00fcttm\u0171k\u00f6d\u00e9s\u00e9t.<\/p>\t\t\t\t\t\t\t\t<\/div>\n\t\t\t\t<\/div>\n\t\t\t\t\t<\/div>\n\t\t<\/div>\n\t\t\t\t\t<\/div>\n\t\t<\/section>\n\t\t\t\t<section class=\"elementor-section elementor-top-section elementor-element elementor-element-5b2cf52b elementor-section-boxed elementor-section-height-default elementor-section-height-default\" data-id=\"5b2cf52b\" data-element_type=\"section\">\n\t\t\t\t\t\t<div class=\"elementor-container elementor-column-gap-default\">\n\t\t\t\t\t<div class=\"elementor-column elementor-col-100 elementor-top-column elementor-element elementor-element-6989ea96\" data-id=\"6989ea96\" data-element_type=\"column\">\n\t\t\t<div class=\"elementor-widget-wrap elementor-element-populated\">\n\t\t\t\t\t\t<div class=\"elementor-element elementor-element-1b39ecd0 elementor-button-align-start elementor-widget elementor-widget-form\" data-id=\"1b39ecd0\" data-element_type=\"widget\" data-settings=\"{&quot;step_next_label&quot;:&quot;K\\u00f6vetkez\\u0151&quot;,&quot;step_previous_label&quot;:&quot;El\\u00f6z\\u0151&quot;,&quot;button_width&quot;:&quot;100&quot;,&quot;step_type&quot;:&quot;number_text&quot;,&quot;step_icon_shape&quot;:&quot;circle&quot;}\" data-widget_type=\"form.default\">\n\t\t\t\t<div class=\"elementor-widget-container\">\n\t\t\t\t\t\t\t<form class=\"elementor-form\" method=\"post\" name=\"Ter\u00fcleti Autizmus Munkacsoport TEAM\" aria-label=\"Ter\u00fcleti Autizmus Munkacsoport TEAM\">\n\t\t\t<input type=\"hidden\" name=\"post_id\" value=\"407\"\/>\n\t\t\t<input type=\"hidden\" name=\"form_id\" value=\"1b39ecd0\"\/>\n\t\t\t<input type=\"hidden\" name=\"referer_title\" value=\"Szoci\u00e1lis diagn\u00f3zis \u00e9rz\u00e9keny\u00edt\u0151 tr\u00e9ning 2021.09.23.\" \/>\n\n\t\t\t\t\t\t\t<input type=\"hidden\" name=\"queried_id\" value=\"407\"\/>\n\t\t\t\n\t\t\t<div class=\"elementor-form-fields-wrapper elementor-labels-above\">\n\t\t\t\t\t\t\t\t<div class=\"elementor-field-type-text elementor-field-group elementor-column elementor-field-group-1 elementor-col-100 elementor-field-required elementor-mark-required\">\n\t\t\t\t\t\t\t\t\t\t\t\t<label for=\"form-field-1\" class=\"elementor-field-label\">\n\t\t\t\t\t\t\t\tJelentkez\u0151 neve\t\t\t\t\t\t\t<\/label>\n\t\t\t\t\t\t\t\t\t\t\t\t\t\t<input size=\"1\" type=\"text\" name=\"form_fields[1]\" id=\"form-field-1\" class=\"elementor-field elementor-size-md  elementor-field-textual\" required=\"required\">\n\t\t\t\t\t\t\t\t\t\t\t<\/div>\n\t\t\t\t\t\t\t\t<div class=\"elementor-field-type-text elementor-field-group elementor-column elementor-field-group-2 elementor-col-100 elementor-field-required elementor-mark-required\">\n\t\t\t\t\t\t\t\t\t\t\t\t<label for=\"form-field-2\" class=\"elementor-field-label\">\n\t\t\t\t\t\t\t\tTelep\u00fcl\u00e9s neve, ahol az int\u00e9zm\u00e9ny tal\u00e1lhat\u00f3 (telephely)\t\t\t\t\t\t\t<\/label>\n\t\t\t\t\t\t\t\t\t\t\t\t\t\t<input size=\"1\" type=\"text\" name=\"form_fields[2]\" id=\"form-field-2\" class=\"elementor-field elementor-size-md  elementor-field-textual\" required=\"required\">\n\t\t\t\t\t\t\t\t\t\t\t<\/div>\n\t\t\t\t\t\t\t\t<div class=\"elementor-field-type-text elementor-field-group elementor-column elementor-field-group-3 elementor-col-100 elementor-field-required elementor-mark-required\">\n\t\t\t\t\t\t\t\t\t\t\t\t<label for=\"form-field-3\" class=\"elementor-field-label\">\n\t\t\t\t\t\t\t\tInt\u00e9zm\u00e9ny neve\t\t\t\t\t\t\t<\/label>\n\t\t\t\t\t\t\t\t\t\t\t\t\t\t<input size=\"1\" type=\"text\" name=\"form_fields[3]\" id=\"form-field-3\" class=\"elementor-field elementor-size-md  elementor-field-textual\" required=\"required\">\n\t\t\t\t\t\t\t\t\t\t\t<\/div>\n\t\t\t\t\t\t\t\t<div class=\"elementor-field-type-text elementor-field-group elementor-column elementor-field-group-4 elementor-col-100 elementor-field-required elementor-mark-required\">\n\t\t\t\t\t\t\t\t\t\t\t\t<label for=\"form-field-4\" class=\"elementor-field-label\">\n\t\t\t\t\t\t\t\tInt\u00e9zm\u00e9ny pontos c\u00edme (ir\u00e1ny\u00edt\u00f3sz\u00e1m, telep\u00fcl\u00e9s neve, utca, h\u00e1zsz\u00e1m)\t\t\t\t\t\t\t<\/label>\n\t\t\t\t\t\t\t\t\t\t\t\t\t\t<input size=\"1\" type=\"text\" name=\"form_fields[4]\" id=\"form-field-4\" class=\"elementor-field elementor-size-md  elementor-field-textual\" required=\"required\">\n\t\t\t\t\t\t\t\t\t\t\t<\/div>\n\t\t\t\t\t\t\t\t<div class=\"elementor-field-type-tel elementor-field-group elementor-column elementor-field-group-5 elementor-col-100 elementor-field-required elementor-mark-required\">\n\t\t\t\t\t\t\t\t\t\t\t\t<label for=\"form-field-5\" class=\"elementor-field-label\">\n\t\t\t\t\t\t\t\tInt\u00e9zm\u00e9ny k\u00f6zponti telefonsz\u00e1ma\t\t\t\t\t\t\t<\/label>\n\t\t\t\t\t\t\t\t<input size=\"1\" type=\"tel\" name=\"form_fields[5]\" id=\"form-field-5\" class=\"elementor-field elementor-size-md  elementor-field-textual\" required=\"required\" pattern=\"[0-9()#&amp;+*-=.]+\" title=\"Only numbers and phone characters (#, -, *, etc) are accepted.\">\n\n\t\t\t\t\t\t<\/div>\n\t\t\t\t\t\t\t\t<div class=\"elementor-field-type-email elementor-field-group elementor-column elementor-field-group-6 elementor-col-100 elementor-field-required elementor-mark-required\">\n\t\t\t\t\t\t\t\t\t\t\t\t<label for=\"form-field-6\" class=\"elementor-field-label\">\n\t\t\t\t\t\t\t\tInt\u00e9zm\u00e9ny k\u00f6zponti e-mail c\u00edme\t\t\t\t\t\t\t<\/label>\n\t\t\t\t\t\t\t\t\t\t\t\t\t\t<input size=\"1\" type=\"email\" name=\"form_fields[6]\" id=\"form-field-6\" class=\"elementor-field elementor-size-md  elementor-field-textual\" required=\"required\">\n\t\t\t\t\t\t\t\t\t\t\t<\/div>\n\t\t\t\t\t\t\t\t<div class=\"elementor-field-type-text elementor-field-group elementor-column elementor-field-group-7 elementor-col-100 elementor-field-required elementor-mark-required\">\n\t\t\t\t\t\t\t\t\t\t\t\t<label for=\"form-field-7\" class=\"elementor-field-label\">\n\t\t\t\t\t\t\t\tJelentkez\u0151 szem\u00e9ly neve, beoszt\u00e1sa\t\t\t\t\t\t\t<\/label>\n\t\t\t\t\t\t\t\t\t\t\t\t\t\t<input size=\"1\" type=\"text\" name=\"form_fields[7]\" id=\"form-field-7\" class=\"elementor-field elementor-size-md  elementor-field-textual\" required=\"required\">\n\t\t\t\t\t\t\t\t\t\t\t<\/div>\n\t\t\t\t\t\t\t\t<div class=\"elementor-field-type-email elementor-field-group elementor-column elementor-field-group-8 elementor-col-100 elementor-field-required elementor-mark-required\">\n\t\t\t\t\t\t\t\t\t\t\t\t<label for=\"form-field-8\" class=\"elementor-field-label\">\n\t\t\t\t\t\t\t\tJelentkez\u0151 szem\u00e9ly e-mail c\u00edme\t\t\t\t\t\t\t<\/label>\n\t\t\t\t\t\t\t\t\t\t\t\t\t\t<input size=\"1\" type=\"email\" name=\"form_fields[8]\" id=\"form-field-8\" class=\"elementor-field elementor-size-md  elementor-field-textual\" placeholder=\"K\u00e9rj\u00fck, saj\u00e1t e-mail c\u00edm\u00e9t adja meg a k\u00e9s\u0151bbi szem\u00e9lyes kapcsolattart\u00e1s \u00e9rdek\u00e9ben.\" required=\"required\">\n\t\t\t\t\t\t\t\t\t\t\t<\/div>\n\t\t\t\t\t\t\t\t<div class=\"elementor-field-type-tel elementor-field-group elementor-column elementor-field-group-9 elementor-col-100 elementor-field-required elementor-mark-required\">\n\t\t\t\t\t\t\t\t\t\t\t\t<label for=\"form-field-9\" class=\"elementor-field-label\">\n\t\t\t\t\t\t\t\tJelentkez\u0151 szem\u00e9ly telefonsz\u00e1ma\t\t\t\t\t\t\t<\/label>\n\t\t\t\t\t\t\t\t<input size=\"1\" type=\"tel\" name=\"form_fields[9]\" id=\"form-field-9\" class=\"elementor-field elementor-size-md  elementor-field-textual\" placeholder=\"K\u00e9rj\u00fck, saj\u00e1t telefonsz\u00e1m\u00e1t adja meg a k\u00e9s\u0151bbi szem\u00e9lyes kapcsolattart\u00e1s \u00e9rdek\u00e9ben.\" required=\"required\" pattern=\"[0-9()#&amp;+*-=.]+\" title=\"Only numbers and phone characters (#, -, *, etc) are accepted.\">\n\n\t\t\t\t\t\t<\/div>\n\t\t\t\t\t\t\t\t<div class=\"elementor-field-type-textarea elementor-field-group elementor-column elementor-field-group-10 elementor-col-100 elementor-field-required elementor-mark-required\">\n\t\t\t\t\t\t\t\t\t\t\t\t<label for=\"form-field-10\" class=\"elementor-field-label\">\n\t\t\t\t\t\t\t\tMegjegyz\u00e9s a rendezv\u00e9nnyel\/ esem\u00e9nnyel\/ szolg\u00e1ltat\u00e1ssal kapcsolatban, vagy megkeres\u00e9s ok\u00e1nak le\u00edr\u00e1sa  (max. 500 karakter)\t\t\t\t\t\t\t<\/label>\n\t\t\t\t\t\t<textarea class=\"elementor-field-textual elementor-field  elementor-size-md\" name=\"form_fields[10]\" id=\"form-field-10\" rows=\"4\" placeholder=\"(max. 500 karakter)\" required=\"required\"><\/textarea>\t\t\t\t<\/div>\n\t\t\t\t\t\t\t\t<div class=\"elementor-field-type-acceptance elementor-field-group elementor-column elementor-field-group-field_3e5b970 elementor-col-100 elementor-field-required elementor-mark-required\">\n\t\t\t\t\t\t\t\t\t\t\t\t<label for=\"form-field-field_3e5b970\" class=\"elementor-field-label\">\n\t\t\t\t\t\t\t\tA szem\u00e9lyes adatok kezel\u00e9s\u00e9vel kapcsolatos t\u00e9nyekr\u0151l, a kezelt adatokr\u00f3l, az adatkezel\u00e9sek c\u00e9lj\u00e1r\u00f3l, a jogalapj\u00e1r\u00f3l, az adatkezel\u00e9s id\u0151tartam\u00e1r\u00f3l, az \u00e9rintettek adatkezel\u00e9ssel kapcsolatos jogair\u00f3l \u00e9s jogorvoslati lehet\u0151s\u00e9geir\u0151l b\u0151vebb felvil\u00e1gos\u00edt\u00e1st az <a href=\"https:\/\/nszi.hu\/kozerdeku-adatok\/adatkezeles_-adatvedelem\">Adatkezel\u00e9si t\u00e1j\u00e9koztat\u00f3<\/a> tartalmaz. Az Adatkezel\u00e9si T\u00e1j\u00e9koztat\u00f3 ismeret\u00e9ben, az \u0171rlap kit\u00f6lt\u00e9s\u00e9vel \u00e9s elk\u00fcld\u00e9s\u00e9vel hozz\u00e1j\u00e1rulok ahhoz, hogy a Nemzeti Szoci\u00e1lpolitikai Int\u00e9zet munkat\u00e1rsai a fentiek szerint megadott el\u00e9rhet\u0151s\u00e9geimen felvegy\u00e9k \u00e9s tarts\u00e1k velem a kapcsolatot, azaz a megadott szem\u00e9lyes adataimat kezelj\u00e9k.\t\t\t\t\t\t\t<\/label>\n\t\t\t\t\t\t\t\t<div class=\"elementor-field-subgroup\">\n\t\t\t<span class=\"elementor-field-option\">\n\t\t\t\t<input type=\"checkbox\" name=\"form_fields[field_3e5b970]\" id=\"form-field-field_3e5b970\" class=\"elementor-field elementor-size-md  elementor-acceptance-field\" required=\"required\">\n\t\t\t\t<label for=\"form-field-field_3e5b970\"><b><FONT SIZE=\"4\">Egyet\u00e9rtek a fenti nyilatkozattal, tov\u00e1bb\u00e1 meger\u0151s\u00edtem, hogy a jelentkez\u00e9si lap adatai helyesek, \u00e9s k\u00e9szen \u00e1llok az elk\u00fcld\u00e9s\u00e9re.<FONT\/><\/b><\/label>\t\t\t<\/span>\n\t\t<\/div>\n\t\t\t\t\t\t<\/div>\n\t\t\t\t\t\t\t\t<div class=\"elementor-field-type-recaptcha elementor-field-group elementor-column elementor-field-group-field_6036b9f elementor-col-100\">\n\t\t\t\t\t<div class=\"elementor-field\" id=\"form-field-field_6036b9f\"><div class=\"elementor-g-recaptcha\" data-sitekey=\"6LdcqLclAAAAAJ91LxqMgdHu27MhbD2wwbv1r-SV\" data-type=\"v2_checkbox\" data-theme=\"light\" data-size=\"normal\"><\/div><\/div>\t\t\t\t<\/div>\n\t\t\t\t\t\t\t\t<div class=\"elementor-field-type-text\">\n\t\t\t\t\t<input size=\"1\" type=\"text\" name=\"form_fields[field_4d3a87b]\" id=\"form-field-field_4d3a87b\" class=\"elementor-field elementor-size-md \" style=\"display:none !important;\">\t\t\t\t<\/div>\n\t\t\t\t\t\t\t\t<div class=\"elementor-field-group elementor-column elementor-field-type-submit elementor-col-100 e-form__buttons\">\n\t\t\t\t\t<button class=\"elementor-button elementor-size-md\" type=\"submit\">\n\t\t\t\t\t\t<span class=\"elementor-button-content-wrapper\">\n\t\t\t\t\t\t\t\t\t\t\t\t\t\t\t\t\t\t\t\t\t\t<span class=\"elementor-button-text\">ELK\u00dcLD\u00d6M A JELENTKEZ\u00c9SI LAPOT<\/span>\n\t\t\t\t\t\t\t\t\t\t\t\t\t<\/span>\n\t\t\t\t\t<\/button>\n\t\t\t\t<\/div>\n\t\t\t<\/div>\n\t\t<\/form>\n\t\t\t\t\t\t<\/div>\n\t\t\t\t<\/div>\n\t\t\t\t\t<\/div>\n\t\t<\/div>\n\t\t\t\t\t<\/div>\n\t\t<\/section>\n\t\t\t\t<section class=\"elementor-section elementor-top-section elementor-element elementor-element-675784a1 elementor-section-boxed elementor-section-height-default elementor-section-height-default\" data-id=\"675784a1\" data-element_type=\"section\">\n\t\t\t\t\t\t<div class=\"elementor-container elementor-column-gap-default\">\n\t\t\t\t\t<div class=\"elementor-column elementor-col-100 elementor-top-column elementor-element elementor-element-20cfe171\" data-id=\"20cfe171\" data-element_type=\"column\">\n\t\t\t<div class=\"elementor-widget-wrap elementor-element-populated\">\n\t\t\t\t\t\t<div class=\"elementor-element elementor-element-116a570e elementor-widget elementor-widget-text-editor\" data-id=\"116a570e\" data-element_type=\"widget\" data-widget_type=\"text-editor.default\">\n\t\t\t\t<div class=\"elementor-widget-container\">\n\t\t\t\t\t\t\t\t\t<p><b><span style=\"color: red;\">K\u00e9rj\u00fck az &#8222;Elk\u00fcld\u00f6m a jelentkez\u00e9si lapot&#8221; gombra kattint\u00e1s ut\u00e1n v\u00e1rjon egy kicsit, am\u00edg a rendszerbe beker\u00fcl a jelentkez\u00e9s. Ez v\u00e1rhat\u00f3an 0,5 &#8211; 1 percet ig\u00e9nybe vehet!<br \/><br \/><\/span><\/b><span style=\"color: red;\">Sikeres bek\u00fcld\u00e9s eset\u00e9n a k\u00f6vetkez\u0151 sz\u00f6veg jelenik meg: \u201eA regisztr\u00e1ci\u00f3ja siker\u00fclt. K\u00f6sz\u00f6nj\u00fck sz\u00e9pen!\u201d<\/span><\/p>\t\t\t\t\t\t\t\t<\/div>\n\t\t\t\t<\/div>\n\t\t\t\t\t<\/div>\n\t\t<\/div>\n\t\t\t\t\t<\/div>\n\t\t<\/section>\n\t\t\t\t<\/div>\n\t\t","protected":false},"excerpt":{"rendered":"<p>EFOP-1.9.4-VEKOP-16-2016-00001 \u201eA SZOCI\u00c1LIS \u00c1GAZAT M\u00d3DSZERTANI \u00c9S INFORM\u00c1CI\u00d3S RENDSZEREINEK MEG\u00daJ\u00cdT\u00c1SA\u201d C. KIEMELT PROJEKT K\u00e9rj\u00fck a sz\u00f6vegdobozokat t\u00f6ltse ki!A csillaggal (*) jel\u00f6lt mez\u0151k kit\u00f6lt\u00e9se k\u00f6telez\u0151! Az EFOP-1.9.4. kiemelt projekt a csal\u00e1d- \u00e9s gyermekj\u00f3l\u00e9ti szolg\u00e1latokban dolgoz\u00f3 csal\u00e1dseg\u00edt\u0151 szakemberek sz\u00e1m\u00e1ra \u00e9rz\u00e9keny\u00edt\u0151 tr\u00e9ninget szervez a szoci\u00e1lis diagn\u00f3zis szakmai hat\u00e9konys\u00e1ga c\u00e9lj\u00e1b\u00f3l. A felk\u00e9sz\u00edt\u00e9sben r\u00e9sztvev\u0151 csal\u00e1dseg\u00edt\u0151 szakemberek bevon\u00e1sa a hat\u00e9konys\u00e1got \u00e9s eredm\u00e9nyess\u00e9get &#8230; <a title=\"Szoci\u00e1lis diagn\u00f3zis \u00e9rz\u00e9keny\u00edt\u0151 tr\u00e9ning 2021.09.23.\" class=\"read-more\" href=\"https:\/\/urlapok.hu\/nszi\/szocialis-diagnozis-erzekenyito-trening-2021-09-23\/\" aria-label=\"Read more about Szoci\u00e1lis diagn\u00f3zis \u00e9rz\u00e9keny\u00edt\u0151 tr\u00e9ning 2021.09.23.\">Olvass tov\u00e1bb<\/a><\/p>\n","protected":false},"author":1,"featured_media":0,"parent":0,"menu_order":0,"comment_status":"closed","ping_status":"closed","template":"","meta":{"footnotes":""},"folder":[16],"class_list":["post-407","page","type-page","status-publish"],"_links":{"self":[{"href":"https:\/\/urlapok.hu\/nszi\/wp-json\/wp\/v2\/pages\/407","targetHints":{"allow":["GET"]}}],"collection":[{"href":"https:\/\/urlapok.hu\/nszi\/wp-json\/wp\/v2\/pages"}],"about":[{"href":"https:\/\/urlapok.hu\/nszi\/wp-json\/wp\/v2\/types\/page"}],"author":[{"embeddable":true,"href":"https:\/\/urlapok.hu\/nszi\/wp-json\/wp\/v2\/users\/1"}],"replies":[{"embeddable":true,"href":"https:\/\/urlapok.hu\/nszi\/wp-json\/wp\/v2\/comments?post=407"}],"version-history":[{"count":4,"href":"https:\/\/urlapok.hu\/nszi\/wp-json\/wp\/v2\/pages\/407\/revisions"}],"predecessor-version":[{"id":1804,"href":"https:\/\/urlapok.hu\/nszi\/wp-json\/wp\/v2\/pages\/407\/revisions\/1804"}],"wp:attachment":[{"href":"https:\/\/urlapok.hu\/nszi\/wp-json\/wp\/v2\/media?parent=407"}],"wp:term":[{"taxonomy":"folder","embeddable":true,"href":"https:\/\/urlapok.hu\/nszi\/wp-json\/wp\/v2\/folder?post=407"}],"curies":[{"name":"wp","href":"https:\/\/api.w.org\/{rel}","templated":true}]}}