{"id":633,"date":"2021-12-13T17:33:55","date_gmt":"2021-12-13T17:33:55","guid":{"rendered":"https:\/\/urlap.nszi.hu\/?page_id=633"},"modified":"2023-04-28T18:38:07","modified_gmt":"2023-04-28T18:38:07","slug":"magunkrol","status":"publish","type":"page","link":"https:\/\/urlapok.hu\/nszi\/gondoskodas-szakertelem-es-emberseg\/magunkrol\/","title":{"rendered":"GONDOSKOD\u00c1S \u2013 Szak\u00e9rtelem \u00e9s embers\u00e9g-Magunkr\u00f3l"},"content":{"rendered":"<h3>Magunkr\u00f3l<\/h3>\n<p>A Slachta Margit Nemzeti Szoci\u00e1lpolitikai Int\u00e9zet a szoci\u00e1lis, gyermekj\u00f3l\u00e9ti \u00e9s gyermekv\u00e9delmi ter\u00fclet szakmai, m\u00f3dszertani\u00a0<em>tud\u00e1sk\u00f6zpontjak\u00e9nt<\/em>\u00a0funkcion\u00e1l \u00e9s\u00a0<em>szakmafejleszt\u00e9si<\/em>\u00a0feladatokat l\u00e1t el.<\/p>\n<p>GONDOSKOD\u00c1S c\u00edm\u0171 foly\u00f3iratunkban \u2013 az Int\u00e9zet szolg\u00e1ltat\u00e1st\u00e1mogat\u00e1si \u00e9s\u00a0<em>szakmafejleszt\u00e9si feladatk\u00f6r\u00e9ben<\/em>\u00a0minden szoci\u00e1lis \u00e1gazathoz tartoz\u00f3 seg\u00edt\u0151 foglalkoz\u00e1s szakmai-ell\u00e1t\u00e1si ter\u00fclet\u00e9r\u0151l k\u00f6zl\u00fcnk \u00edr\u00e1sokat.<\/p>\n<p><em>Tud\u00e1sk\u00f6zponti feladataink szolg\u00e1lat\u00e1ban<\/em>\u00a0\u2013 els\u0151sorban a gyakorlathoz k\u00f6zvetlen\u00fcl kapcsol\u00f3d\u00f3, a napi munka szem\u00e9lyes tapasztalatait \u00f6sszefoglal\u00f3 \u00edr\u00e1sokat, esetbemutat\u00e1sokat, elemz\u00e9seket tesz\u00fcnk k\u00f6zz\u00e9.<\/p>\n<p>Tud\u00e1sk\u00f6zpont szerep\u00fcnket teljes \u00e9rtelm\u00e9ben v\u00e9ve azonban szeretn\u00e9nk a szakmai tud\u00e1s szervez\u0151d\u00e9s\u00e9nek minden szintj\u00e9t k\u00f6zvet\u00edteni olvas\u00f3inknak. Ez\u00e9rt elm\u00e9leti \u00e9s \u00f6sszefoglal\u00f3, valamint empirikus tanulm\u00e1nyokat is k\u00f6zl\u00fcnk. A GONDOSKOD\u00c1S ennek \u00e9rdek\u00e9ben a tudom\u00e1nyos elm\u00e9leti, illetve kutat\u00e1si \u00f6sszefoglal\u00f3 tanulm\u00e1nyok k\u00e9ziratainak v\u00e9lem\u00e9nyeztet\u00e9se \u00e9s kiad\u00f3i szerkeszt\u00e9se szempontj\u00e1b\u00f3l a 2022. \u00e9vt\u0151l kezdve\u00a0<em>lektor\u00e1lt foly\u00f3irat<\/em>.<\/p>\n<p>Lapunk tematikai sokf\u00e9les\u00e9g\u00e9hez sz\u00fcks\u00e9gszer\u0171en m\u0171faji sokf\u00e9les\u00e9g t\u00e1rsul. Esettanulm\u00e1nyokat, interj\u00fakat, koncepci\u00f3kat, p\u00e1ly\u00e1zatokhoz kapcsol\u00f3d\u00f3 \u00edr\u00e1sokat, programbemutat\u00e1st, m\u00f3dszertani aj\u00e1nl\u00e1sokat \u00e9s \u00fatmutat\u00f3kat, j\u00f3 gyakorlatokat, szakmai tanulm\u00e1nyt, kutat\u00e1si- \u00e9s projektbesz\u00e1mol\u00f3t, statisztikai elemz\u00e9st, konferencia-\u00f6sszefoglal\u00f3t, szakpolitikai dokumentumot, rendszerelemz\u0151 tanulm\u00e1nyt, hazai \u00e9s k\u00fclf\u00f6ldi \u00f6sszehasonl\u00edt\u00f3 tanulm\u00e1nyokat egyar\u00e1nt megjelentet\u00fcnk.<\/p>\n<p>Rovataink nem k\u00f6t\u00f6tt szerkezet\u0171ek, t\u00edpusukat \u00e9s sorrendj\u00fcket tekintve mindig az aktu\u00e1lis sz\u00e1m tartalm\u00e1hoz igazodnak. Tervezett rovataink, jelleg\u00fck szerint: a tanulm\u00e1ny, a projekt, az elemz\u00e9s, az alkalmazott kutat\u00e1s, a fejleszt\u00e9s-t\u00e1mogat\u00e1s, a k\u00e9pz\u00e9s, a m\u0171hely, a terepm\u00f3dszertan, a j\u00f3 gyakorlat, a k\u00f6rk\u00e9p, a terep-j\u00e1r\u00f3, a f\u00f3rum, a napl\u00f3, az aj\u00e1nl\u00e1s, a kr\u00edzisvonal. Id\u0151nk\u00e9nt tematikus sz\u00e1mokat is kiadunk.<\/p>\n<p>A be\u00e9rkezett k\u00e9ziratok elfogad\u00e1s\u00e1r\u00f3l a szerkeszt\u0151bizotts\u00e1g d\u00f6nt. A GONDOSKOD\u00c1S szerkeszt\u0151bizotts\u00e1ga az Int\u00e9zet igazgat\u00f3s\u00e1gainak k\u00e9pvisel\u0151ib\u0151l, a t\u00e1rsint\u00e9zm\u00e9nyek megh\u00edvott k\u00e9pvisel\u0151ib\u0151l, az Int\u00e9zet kommunik\u00e1ci\u00f3s munkat\u00e1rs\u00e1b\u00f3l, a lapkiad\u00e1s-menedzserb\u0151l, az olvas\u00f3szerkeszt\u0151b\u0151l \u00e9s a f\u0151szerkeszt\u0151b\u0151l \u00e1ll.<\/p>\n<p><a href=\"https:\/\/urlapok.hu\/nszi\/wp-content\/uploads\/2022\/02\/Gondoskodas-Statutum.pdf\">Gondoskod\u00e1s-Statutum<\/a><\/p>\n<p><a class=\"own-email-link\" href=\"https:\/\/urlapok.hu\/nszi\/gondoskodas-szakertelem-es-emberseg\">Visszat\u00e9r\u00e9s a Foly\u00f3iratunk men\u00fcponthoz.<\/a><\/p>\n","protected":false},"excerpt":{"rendered":"<p>Magunkr\u00f3l A Slachta Margit Nemzeti Szoci\u00e1lpolitikai Int\u00e9zet a szoci\u00e1lis, gyermekj\u00f3l\u00e9ti \u00e9s gyermekv\u00e9delmi ter\u00fclet szakmai, m\u00f3dszertani\u00a0tud\u00e1sk\u00f6zpontjak\u00e9nt\u00a0funkcion\u00e1l \u00e9s\u00a0szakmafejleszt\u00e9si\u00a0feladatokat l\u00e1t el. GONDOSKOD\u00c1S c\u00edm\u0171 foly\u00f3iratunkban \u2013 az Int\u00e9zet szolg\u00e1ltat\u00e1st\u00e1mogat\u00e1si \u00e9s\u00a0szakmafejleszt\u00e9si feladatk\u00f6r\u00e9ben\u00a0minden szoci\u00e1lis \u00e1gazathoz tartoz\u00f3 seg\u00edt\u0151 foglalkoz\u00e1s szakmai-ell\u00e1t\u00e1si ter\u00fclet\u00e9r\u0151l k\u00f6zl\u00fcnk \u00edr\u00e1sokat. Tud\u00e1sk\u00f6zponti feladataink szolg\u00e1lat\u00e1ban\u00a0\u2013 els\u0151sorban a gyakorlathoz k\u00f6zvetlen\u00fcl kapcsol\u00f3d\u00f3, a napi munka szem\u00e9lyes tapasztalatait \u00f6sszefoglal\u00f3 \u00edr\u00e1sokat, esetbemutat\u00e1sokat, elemz\u00e9seket tesz\u00fcnk k\u00f6zz\u00e9. &#8230; <a title=\"GONDOSKOD\u00c1S \u2013 Szak\u00e9rtelem \u00e9s embers\u00e9g-Magunkr\u00f3l\" class=\"read-more\" href=\"https:\/\/urlapok.hu\/nszi\/gondoskodas-szakertelem-es-emberseg\/magunkrol\/\" aria-label=\"Read more about GONDOSKOD\u00c1S \u2013 Szak\u00e9rtelem \u00e9s embers\u00e9g-Magunkr\u00f3l\">Olvass tov\u00e1bb<\/a><\/p>\n","protected":false},"author":1,"featured_media":0,"parent":435,"menu_order":0,"comment_status":"closed","ping_status":"closed","template":"","meta":{"footnotes":""},"folder":[4],"class_list":["post-633","page","type-page","status-publish"],"_links":{"self":[{"href":"https:\/\/urlapok.hu\/nszi\/wp-json\/wp\/v2\/pages\/633","targetHints":{"allow":["GET"]}}],"collection":[{"href":"https:\/\/urlapok.hu\/nszi\/wp-json\/wp\/v2\/pages"}],"about":[{"href":"https:\/\/urlapok.hu\/nszi\/wp-json\/wp\/v2\/types\/page"}],"author":[{"embeddable":true,"href":"https:\/\/urlapok.hu\/nszi\/wp-json\/wp\/v2\/users\/1"}],"replies":[{"embeddable":true,"href":"https:\/\/urlapok.hu\/nszi\/wp-json\/wp\/v2\/comments?post=633"}],"version-history":[{"count":4,"href":"https:\/\/urlapok.hu\/nszi\/wp-json\/wp\/v2\/pages\/633\/revisions"}],"predecessor-version":[{"id":1358,"href":"https:\/\/urlapok.hu\/nszi\/wp-json\/wp\/v2\/pages\/633\/revisions\/1358"}],"up":[{"embeddable":true,"href":"https:\/\/urlapok.hu\/nszi\/wp-json\/wp\/v2\/pages\/435"}],"wp:attachment":[{"href":"https:\/\/urlapok.hu\/nszi\/wp-json\/wp\/v2\/media?parent=633"}],"wp:term":[{"taxonomy":"folder","embeddable":true,"href":"https:\/\/urlapok.hu\/nszi\/wp-json\/wp\/v2\/folder?post=633"}],"curies":[{"name":"wp","href":"https:\/\/api.w.org\/{rel}","templated":true}]}}