{"id":640,"date":"2021-12-13T17:39:49","date_gmt":"2021-12-13T17:39:49","guid":{"rendered":"https:\/\/urlap.nszi.hu\/?page_id=640"},"modified":"2023-04-28T18:40:07","modified_gmt":"2023-04-28T18:40:07","slug":"szerzoinknek","status":"publish","type":"page","link":"https:\/\/urlapok.hu\/nszi\/gondoskodas-szakertelem-es-emberseg\/szerzoinknek\/","title":{"rendered":"GONDOSKOD\u00c1S \u2013 Szak\u00e9rtelem \u00e9s embers\u00e9g  -Szerz\u0151inknek"},"content":{"rendered":"<h3>Szerz\u0151inknek<\/h3>\n<p>Foly\u00f3iratunk nyomtatott form\u00e1ban k\u00e9sz\u00fcl. A Slachta Margit NSZI honlapj\u00e1n a nyomtatott kiad\u00e1s megjelen\u00e9s\u00e9vel egyidej\u0171leg el\u00e9rhet\u0151 a foly\u00f3irat azonos tartalm\u00fa digit\u00e1lis m\u00e1solata.<\/p>\n<p>A k\u00e9ziratokat a szerkeszt\u0151bizotts\u00e1g r\u00e9sz\u00e9re k\u00e9rj\u00fck beny\u00fajtani elektronikus, tov\u00e1bbszerkeszthet\u0151 form\u00e1ban (pl. doc vagy docx).<\/p>\n<p>A K\u00c9ZIRATOK ELB\u00cdR\u00c1L\u00c1SA<\/p>\n<p>K\u00f6zl\u00e9sre csak m\u00e1shol nem publik\u00e1lt, \u00e9s m\u00e1sik foly\u00f3iratn\u00e1l nem b\u00edr\u00e1lt, eredeti \u00edr\u00e1sm\u0171vet fogadunk el.<\/p>\n<p>A k\u00e9ziratok elb\u00edr\u00e1l\u00e1s\u00e1nak \u00e9s elfogad\u00e1s\u00e1nak joga a szerkeszt\u0151bizotts\u00e1got illeti meg.<\/p>\n<p>A GONDOSKOD\u00c1S 2022-t\u0151l a szakmai-tudom\u00e1nyos dolgozatok \u00e9s kutat\u00e1si \u00f6sszefoglal\u00f3 tanulm\u00e1nyok k\u00e9ziratainak v\u00e9lem\u00e9nyeztet\u00e9se \u00e9s kiad\u00f3i szerkeszt\u00e9se szempontj\u00e1b\u00f3l\u00a0<em>lektor\u00e1lt<\/em>\u00a0foly\u00f3irat.<\/p>\n<p>Az ilyen \u2013 a szerkeszt\u0151bizotts\u00e1ghoz be\u00e9rkezett \u2013, formailag megfelel\u0151\u00a0<em>k\u00e9ziratokat<\/em>\u00a0a szerkeszt\u0151bizotts\u00e1g el\u0151zetes sz\u0171r\u00e9se ut\u00e1n k\u00e9t f\u00fcggetlen szakmai b\u00edr\u00e1l\u00f3nak (lektornak) k\u00fcldj\u00fck ki. A lektorok a szerz\u0151k nev\u00e9nek felt\u00fcntet\u00e9se n\u00e9lk\u00fcl kapj\u00e1k meg a k\u00e9ziratokat. A k\u00f6zl\u00e9s felt\u00e9tele a k\u00e9t lektor t\u00e1mogat\u00f3 v\u00e9lem\u00e9nye. A lektorok \u00e1ltal jav\u00edtand\u00f3nak \u00e9rt\u00e9kelt k\u00e9ziratokat \u00e1tdolgoz\u00e1sra visszajuttatjuk a szerz\u0151kh\u00f6z. A k\u00e9t lektor egybehangz\u00f3 elutas\u00edt\u00e1sa eset\u00e9n a k\u00e9ziratot nem publik\u00e1ljuk.<\/p>\n<p><em>K\u00e9rj\u00fck a szerz\u0151ket, hogy a k\u00e9zirataikat az al\u00e1bbiak szerint alak\u00edts\u00e1k:<\/em><\/p>\n<p>TERJEDELEM<\/p>\n<p>A\u00a0<em>k\u00e9zirat<\/em>\u00a0terjedelme lehet\u0151leg ne haladja meg a m\u00e1sf\u00e9l k\u00e9zirat\u00edvet 60.000 karaktert. (Als\u00f3 hat\u00e1rt a m\u0171faji sokf\u00e9les\u00e9g ok\u00e1n nem szabunk.)<\/p>\n<p><em>Tanulm\u00e1ny, kutat\u00e1si \u00f6sszefoglal\u00f3<\/em>\u00a0eset\u00e9n a k\u00e9zirat elej\u00e9re k\u00e9r\u00fcnk egy r\u00f6vid (max. 1.000 karakteres)\u00a0<strong>\u00f6sszefoglal\u00f3t<\/strong>\u00a0is, amely a f\u0151bb meg\u00e1llap\u00edt\u00e1sokat, eredm\u00e9nyeket tartalmazza.<\/p>\n<p>FORMA<\/p>\n<p>A sz\u00f6veget 2,5 cm-es marg\u00f3k k\u00f6z\u00f6tt, 12-es bet\u0171m\u00e9retben, Times New Roman bet\u0171t\u00edpussal, 1,5-es sort\u00e1vval \u00edrva, az MS WORD b\u00e1rmelyik v\u00e1ltozat\u00e1ban elmentve k\u00e9rn\u00e9nk.<\/p>\n<p>A f\u0151sz\u00f6veg a szerz\u0151(k) neve \u00e9s a c\u00edm (alc\u00edm) ut\u00e1n k\u00f6vetkezik.<\/p>\n<p>A sz\u00f6vegben h\u00e1rom c\u00edmfokozatn\u00e1l t\u00f6bbet lehet\u0151leg ne haszn\u00e1ljanak (<strong>fett,<\/strong>\u00a0<strong><em>fett d\u0151lt,<\/em><\/strong>\u00a0<em>norm\u00e1l d\u0151lt<\/em>).<\/p>\n<p>K\u00e9rj\u00fck, hogy a kiemel\u00e9seket is ezzel a h\u00e1rom fokozattal jel\u00f6lj\u00e9k.<\/p>\n<p><em>Irodalmi hivatkoz\u00e1s<\/em><\/p>\n<p>Az irodalmi hivatkoz\u00e1s ne l\u00e1bjegyzetben t\u00f6rt\u00e9nj\u00e9k, hanem a sz\u00f6vegben: a megfelel\u0151 helyen z\u00e1r\u00f3jelben a szerz\u0151(k) neve, a megjelen\u00e9s \u00e9ve, sz\u00f3 szerinti id\u00e9zet eset\u00e9ben az oldalsz\u00e1m. Pl.: (Arany 1963, 16)<\/p>\n<p>K\u00e9rj\u00fck, \u00fcgyeljenek arra, hogy minden hivatkozott m\u0171 szerepeljen a f\u0151sz\u00f6veg ut\u00e1n k\u00f6vetkez\u0151 bibliogr\u00e1fi\u00e1ban.<\/p>\n<p><em>\u00c1br\u00e1k, t\u00e1bl\u00e1zatok, grafikonok<\/em><\/p>\n<p>Az \u00e1br\u00e1kat \u00e9s t\u00e1bl\u00e1zatokat k\u00fcl\u00f6n sz\u00e1mozz\u00e1k\u00a0<em>(pl.: 1. \u00e1bra)<\/em>, \u00e9s minden esetben jel\u00f6lj\u00e9k meg a forr\u00e1st. (Ha a szerz\u0151 maga k\u00e9sz\u00edtette, akkor \u201esaj\u00e1t szerkeszt\u00e9s\u201d, ill. \u201esaj\u00e1t sz\u00e1m\u00edt\u00e1s\u201d.) Az \u00e1br\u00e1knak \u00e9s a t\u00e1bl\u00e1zatoknak is adjanak c\u00edmet. A c\u00edmet \u00e9s a sz\u00e1mot az \u00e1bra vagy t\u00e1bl\u00e1zat alatt, k\u00f6z\u00e9pen helyezz\u00e9k el.<\/p>\n<p>Az \u00e1br\u00e1k k\u00e9sz\u00edt\u00e9s\u00e9n\u00e9l mindig vegy\u00e9k fontol\u00f3ra, hogy a lapunk nyomtatott kiad\u00e1sa fekete-feh\u00e9r, teh\u00e1t ha az \u00e1br\u00e1ban t\u00fal sok a sz\u00edn, \u00e9rdemesebb a t\u00e1bl\u00e1zat mellett d\u00f6nteni, vagy sz\u00f6vegesen k\u00f6z\u00f6lni az adatokat.<\/p>\n<p>Az \u00e1br\u00e1k, grafikonok alapj\u00e1t k\u00e9pez\u0151 t\u00e1bl\u00e1zatokat, sz\u00f6vegeket k\u00fcl\u00f6n Excel f\u00e1jlban k\u00e9rj\u00fck megk\u00fcldeni.<\/p>\n<p><em>K\u00e9pek, fot\u00f3k<\/em><\/p>\n<p>A cikkekhez tartoz\u00f3 k\u00e9peket, fot\u00f3kat jpeg form\u00e1tumban, min. 300 dpi k\u00e9pfelbont\u00e1ssal k\u00fcldj\u00e9k be.<\/p>\n<p>FELHASZN\u00c1LT IRODALOM<\/p>\n<p>A bibliogr\u00e1fiai t\u00e9telek a szerz\u0151k vezet\u00e9kneve szerinti \u00e1b\u00e9c\u00e9sorrendben k\u00f6vetkeznek, ha a m\u0171vet a szerkeszt\u0151(k) jegyzi(k), a n\u00e9v\/nevek ut\u00e1n z\u00e1r\u00f3jelben a \u201eszerk.\u201d vagy megfelel\u0151 nyelven e r\u00f6vid\u00edt\u00e9s szerepel; a szerz\u0151 n\u00e9lk\u00fcli m\u0171vek \u2013 n\u00e9vel\u0151 n\u00e9lk\u00fcli \u2013 c\u00edm\u00fck szerint sorol\u00f3dnak be. H\u00e1romn\u00e1l t\u00f6bb szerz\u0151 eset\u00e9n az els\u0151 szerz\u0151t t\u00fcntetj\u00fck fel, majd et. al. r\u00f6vid\u00edt\u00e9s k\u00f6vetkezik.<\/p>\n<p>A n\u00e9v, nevek ut\u00e1n szerepel a kiad\u00e1s \u00e9vsz\u00e1ma z\u00e1r\u00f3jelben, ut\u00e1na kett\u0151spont, majd a m\u0171 c\u00edme kurz\u00edvval, a v\u00e9g\u00e9n ponttal. Ut\u00e1na a kiad\u00e1s helye, a kiad\u00f3 neve, ha meghat\u00e1rozott oldalra utaltunk, akkor annak a sz\u00e1ma.<\/p>\n<p>Minta:<\/p>\n<p>Weber, Max (1992):\u00a0<em>A protest\u00e1ns etika \u00e9s a kapitalizmus szelleme.<\/em>\u00a0Budapest, Cser\u00e9pfalvi.<\/p>\n<p>Ross, John A. (1982) (ed.):\u00a0<em>International Enciclopedia of of Population.\u00a0<\/em>1-2. vols. New York, Free Press.<\/p>\n<p>Periodikumok eset\u00e9ben a foly\u00f3irat (napilap) nev\u00e9t kurziv\u00e1ljuk, majd megadjuk az egy\u00e9rtelm\u0171 azonos\u00edt\u00e1shoz sz\u00fcks\u00e9ges adatokat.<\/p>\n<p>Minta:<\/p>\n<p>L\u00e9vi-Strauss, Claude: Montaigne \u00e9s az \u00fajvil\u00e1g.\u00a0<em>Holmi,<\/em>\u00a01996. janu\u00e1r. 68\u201375. p.<\/p>\n<p>Internetes hivatkoz\u00e1sn\u00e1l k\u00e9rj\u00fck, hogy adj\u00e1k meg a honlap pontos c\u00edm\u00e9t, majd z\u00e1r\u00f3jelben az utols\u00f3 let\u00f6lt\u00e9s d\u00e1tum\u00e1t.<\/p>\n<p>K\u00e9rj\u00fck szerz\u0151inket, hogy adj\u00e1k meg, milyen m\u00f3don (v\u00e9gzetts\u00e9g, foglalkoz\u00e1s, munkahely, beoszt\u00e1s) szeretn\u00e9nek szerepelni a \u201eSzerz\u0151ink\u201d rovatban. K\u00e9rj\u00fck, a kapcsolattart\u00e1s el\u0151seg\u00edt\u00e9se \u00e9rdek\u00e9ben k\u00f6z\u00f6lj\u00e9k el\u00e9rhet\u0151s\u00e9geiket (telefonsz\u00e1m, mobilsz\u00e1m, e-mail c\u00edm).<\/p>\n<p>K\u00f6sz\u00f6nj\u00fck, hogy megfelel\u0151en el\u0151k\u00e9sz\u00edtett k\u00e9zirat bek\u00fcld\u00e9s\u00e9vel seg\u00edtik munk\u00e1nkat.<\/p>\n<p style=\"text-align: right;\">A GONDOSKOD\u00c1S szerkeszt\u0151bizotts\u00e1ga<\/p>\n<p><a class=\"own-email-link\" href=\"https:\/\/urlapok.hu\/nszi\/gondoskodas-szakertelem-es-emberseg\/\">Visszat\u00e9r\u00e9s a Foly\u00f3iratunk men\u00fcponthoz.<\/a><\/p>\n","protected":false},"excerpt":{"rendered":"<p>Szerz\u0151inknek Foly\u00f3iratunk nyomtatott form\u00e1ban k\u00e9sz\u00fcl. A Slachta Margit NSZI honlapj\u00e1n a nyomtatott kiad\u00e1s megjelen\u00e9s\u00e9vel egyidej\u0171leg el\u00e9rhet\u0151 a foly\u00f3irat azonos tartalm\u00fa digit\u00e1lis m\u00e1solata. A k\u00e9ziratokat a szerkeszt\u0151bizotts\u00e1g r\u00e9sz\u00e9re k\u00e9rj\u00fck beny\u00fajtani elektronikus, tov\u00e1bbszerkeszthet\u0151 form\u00e1ban (pl. doc vagy docx). A K\u00c9ZIRATOK ELB\u00cdR\u00c1L\u00c1SA K\u00f6zl\u00e9sre csak m\u00e1shol nem publik\u00e1lt, \u00e9s m\u00e1sik foly\u00f3iratn\u00e1l nem b\u00edr\u00e1lt, eredeti \u00edr\u00e1sm\u0171vet fogadunk el. A k\u00e9ziratok &#8230; <a title=\"GONDOSKOD\u00c1S \u2013 Szak\u00e9rtelem \u00e9s embers\u00e9g  -Szerz\u0151inknek\" class=\"read-more\" href=\"https:\/\/urlapok.hu\/nszi\/gondoskodas-szakertelem-es-emberseg\/szerzoinknek\/\" aria-label=\"Read more about GONDOSKOD\u00c1S \u2013 Szak\u00e9rtelem \u00e9s embers\u00e9g  -Szerz\u0151inknek\">Olvass tov\u00e1bb<\/a><\/p>\n","protected":false},"author":1,"featured_media":0,"parent":435,"menu_order":0,"comment_status":"closed","ping_status":"closed","template":"","meta":{"footnotes":""},"folder":[4],"class_list":["post-640","page","type-page","status-publish"],"_links":{"self":[{"href":"https:\/\/urlapok.hu\/nszi\/wp-json\/wp\/v2\/pages\/640","targetHints":{"allow":["GET"]}}],"collection":[{"href":"https:\/\/urlapok.hu\/nszi\/wp-json\/wp\/v2\/pages"}],"about":[{"href":"https:\/\/urlapok.hu\/nszi\/wp-json\/wp\/v2\/types\/page"}],"author":[{"embeddable":true,"href":"https:\/\/urlapok.hu\/nszi\/wp-json\/wp\/v2\/users\/1"}],"replies":[{"embeddable":true,"href":"https:\/\/urlapok.hu\/nszi\/wp-json\/wp\/v2\/comments?post=640"}],"version-history":[{"count":5,"href":"https:\/\/urlapok.hu\/nszi\/wp-json\/wp\/v2\/pages\/640\/revisions"}],"predecessor-version":[{"id":1361,"href":"https:\/\/urlapok.hu\/nszi\/wp-json\/wp\/v2\/pages\/640\/revisions\/1361"}],"up":[{"embeddable":true,"href":"https:\/\/urlapok.hu\/nszi\/wp-json\/wp\/v2\/pages\/435"}],"wp:attachment":[{"href":"https:\/\/urlapok.hu\/nszi\/wp-json\/wp\/v2\/media?parent=640"}],"wp:term":[{"taxonomy":"folder","embeddable":true,"href":"https:\/\/urlapok.hu\/nszi\/wp-json\/wp\/v2\/folder?post=640"}],"curies":[{"name":"wp","href":"https:\/\/api.w.org\/{rel}","templated":true}]}}