{"id":646,"date":"2021-12-13T17:43:21","date_gmt":"2021-12-13T17:43:21","guid":{"rendered":"https:\/\/urlap.nszi.hu\/?page_id=646"},"modified":"2023-04-28T18:40:56","modified_gmt":"2023-04-28T18:40:56","slug":"kapcsolat","status":"publish","type":"page","link":"https:\/\/urlapok.hu\/nszi\/gondoskodas-szakertelem-es-emberseg\/kapcsolat\/","title":{"rendered":"GONDOSKOD\u00c1S \u2013 Szak\u00e9rtelem \u00e9s embers\u00e9g-Kapcsolat"},"content":{"rendered":"<h3>Kapcsolat<\/h3>\n<p>A szerkeszt\u0151bizotts\u00e1g el\u00e9rhet\u0151s\u00e9gei:<\/p>\n<p>GONDOSKOD\u00c1S szakmai foly\u00f3irat<\/p>\n<p>1142 Budapest, Ungv\u00e1r u. 64-66.<\/p>\n<p>E-mail: <a class=\"own-email-link\" href=\"mailto:gondoskodas@nszi.hu\">gondoskodas@nszi.hu<\/a><\/p>\n<p><b>F\u0151szerkeszt\u0151: Farkas P\u00e9ter<\/b><\/p>\n<p><a class=\"own-email-link\" href=\"https:\/\/urlapok.hu\/nszi\/gondoskodas-szakertelem-es-emberseg\/\">Visszat\u00e9r\u00e9s a Foly\u00f3iratunk men\u00fcponthoz.<\/a><\/p>\n","protected":false},"excerpt":{"rendered":"<p>Kapcsolat A szerkeszt\u0151bizotts\u00e1g el\u00e9rhet\u0151s\u00e9gei: GONDOSKOD\u00c1S szakmai foly\u00f3irat 1142 Budapest, Ungv\u00e1r u. 64-66. E-mail: gondoskodas@nszi.hu F\u0151szerkeszt\u0151: Farkas P\u00e9ter Visszat\u00e9r\u00e9s a Foly\u00f3iratunk men\u00fcponthoz.<\/p>\n","protected":false},"author":1,"featured_media":0,"parent":435,"menu_order":0,"comment_status":"closed","ping_status":"closed","template":"","meta":{"footnotes":""},"folder":[4],"class_list":["post-646","page","type-page","status-publish"],"_links":{"self":[{"href":"https:\/\/urlapok.hu\/nszi\/wp-json\/wp\/v2\/pages\/646","targetHints":{"allow":["GET"]}}],"collection":[{"href":"https:\/\/urlapok.hu\/nszi\/wp-json\/wp\/v2\/pages"}],"about":[{"href":"https:\/\/urlapok.hu\/nszi\/wp-json\/wp\/v2\/types\/page"}],"author":[{"embeddable":true,"href":"https:\/\/urlapok.hu\/nszi\/wp-json\/wp\/v2\/users\/1"}],"replies":[{"embeddable":true,"href":"https:\/\/urlapok.hu\/nszi\/wp-json\/wp\/v2\/comments?post=646"}],"version-history":[{"count":3,"href":"https:\/\/urlapok.hu\/nszi\/wp-json\/wp\/v2\/pages\/646\/revisions"}],"predecessor-version":[{"id":1362,"href":"https:\/\/urlapok.hu\/nszi\/wp-json\/wp\/v2\/pages\/646\/revisions\/1362"}],"up":[{"embeddable":true,"href":"https:\/\/urlapok.hu\/nszi\/wp-json\/wp\/v2\/pages\/435"}],"wp:attachment":[{"href":"https:\/\/urlapok.hu\/nszi\/wp-json\/wp\/v2\/media?parent=646"}],"wp:term":[{"taxonomy":"folder","embeddable":true,"href":"https:\/\/urlapok.hu\/nszi\/wp-json\/wp\/v2\/folder?post=646"}],"curies":[{"name":"wp","href":"https:\/\/api.w.org\/{rel}","templated":true}]}}