{"id":652,"date":"2021-12-13T17:46:43","date_gmt":"2021-12-13T17:46:43","guid":{"rendered":"https:\/\/urlap.nszi.hu\/?page_id=652"},"modified":"2026-01-20T17:36:12","modified_gmt":"2026-01-20T17:36:12","slug":"impresszum","status":"publish","type":"page","link":"https:\/\/urlapok.hu\/nszi\/gondoskodas-szakertelem-es-emberseg\/impresszum\/","title":{"rendered":"GONDOSKOD\u00c1S \u2013 Szak\u00e9rtelem \u00e9s embers\u00e9g-Impresszum"},"content":{"rendered":"\t\t<div data-elementor-type=\"wp-page\" data-elementor-id=\"652\" class=\"elementor elementor-652\" data-elementor-post-type=\"page\">\n\t\t\t\t\t\t<section class=\"elementor-section elementor-top-section elementor-element elementor-element-139f263e elementor-section-boxed elementor-section-height-default elementor-section-height-default\" data-id=\"139f263e\" data-element_type=\"section\">\n\t\t\t\t\t\t<div class=\"elementor-container elementor-column-gap-default\">\n\t\t\t\t\t<div class=\"elementor-column elementor-col-100 elementor-top-column elementor-element elementor-element-1dfed373\" data-id=\"1dfed373\" data-element_type=\"column\">\n\t\t\t<div class=\"elementor-widget-wrap elementor-element-populated\">\n\t\t\t\t\t\t<div class=\"elementor-element elementor-element-6e8eef56 elementor-widget elementor-widget-text-editor\" data-id=\"6e8eef56\" data-element_type=\"widget\" data-widget_type=\"text-editor.default\">\n\t\t\t\t<div class=\"elementor-widget-container\">\n\t\t\t\t\t\t\t\t\t<div>\n<div>\n<h3>Impresszum<\/h3>\n<\/div>\n<\/div>\n<div>\n<div>\n<p>GONDOSKOD\u00c1S \u2013 szak\u00e9rtelem \u00e9s embers\u00e9g \u25a0 A Slachta Margit Nemzeti Szoci\u00e1lpolitikai Int\u00e9zet foly\u00f3irata<\/p>\n<p>\u25a0 <strong>F\u0151szerkeszt\u0151: <\/strong>Mik\u00f3 F. L\u00e1szl\u00f3&nbsp;\u25a0 <strong>Szerkeszt\u0151s\u00e9g:<\/strong> Forrai-Kiss Krisztina, Hajdu Kitti, Barab\u00e1s Krist\u00f3f, Matolcsi-Papp Zolt\u00e1n, M\u00f3zesn\u00e9 Ruzs\u00e1k Be\u00e1ta, Csukovits N\u00f3ra, B\u00e1nhidi Rita, Rem\u00e9nyi Csaba \u25a0<strong>Szerkeszt\u0151s\u00e9gi titk\u00e1r: <\/strong>Csukovits N\u00f3ra&nbsp;\u25a0 <strong>Szerkeszt\u0151 Bizotts\u00e1g<\/strong>: Dr. T\u00f3th Tibor, Dr. Beran Ferenc (PPKE), Dr. Birher N\u00e1ndor (PPKE), Dr. Bog\u00e1r L\u00e1szl\u00f3 (KRE), Dr. Moln\u00e1r Attila (NKE), Dr. Nyitrai \u00c1gnes (AVKTF), Dr. Pajt\u00f3kn\u00e9 Dr. Tari Ilona (EKKE), Dr. Pik\u00f3 Bettina (SZTE), Dr. Rosta Andrea (PPKE), Dr. S\u00e1rk\u00e1ny P\u00e9ter (EKKE), Dr. Juh\u00e1sz G\u00e1bor (PTE), Dr. Szab\u00f3-T\u00f3th Kinga (ME), Dr. Kaiser Tam\u00e1s (NKE) \u25a0<b>Lapterv \u00e9s nyomdai kivitelez\u00e9s: <\/b>J\u00e1sz J\u00f3zsef nyomdaipari v\u00e1llalkoz\u00f3 2040 Buda\u00f6rs, Pelik\u00e1n u. 10.\u25a0 <strong>Szerkeszt\u0151s\u00e9g \u00e9s kiad\u00f3hivatal: <\/strong>1142 Budapest, Ungv\u00e1r u. 64\u201366. \u25a0 Tel.: +36 20 381 2988 \u25a0 E-mail: <a href=\"mailto:gondoskodas@nszi.hu\">gondoskodas@nszi.hu <\/a>\u25a0 Honlap: <a href=\"http:\/\/www.nszi.hu\/\">www.nszi.hu<\/a> \u25a0 <strong>Kiad\u00f3: <\/strong>Dr. habil. T\u00f3th Tibor f\u0151igazgat\u00f3 \u25a0 <strong>K\u00e9pek: <\/strong>iStock \u25a0 <strong>ISSN: <\/strong>2786-2941 (Nyomtatott); 2786-3794 (Online) \u25a0 Megjelenik negyed\u00e9vente \u25a0 A foly\u00f3iratban megjelen\u0151 \u00edr\u00e1sok nem felt\u00e9tlen\u00fcl t\u00fckr\u00f6zik a Slachta Margit NSZI \u00e1ll\u00e1spontj\u00e1t. \u25a0 Meg nem rendelt k\u00e9ziratokat nem \u0151rz\u00fcnk meg \u00e9s nem k\u00fcld\u00fcnk vissza.<\/p>\n<p><a href=\"https:\/\/urlapok.hu\/nszi\/gondoskodas-szakertelem-es-emberseg\/\">Visszat\u00e9r\u00e9s a Foly\u00f3iratunk men\u00fcpontho<\/a><\/p>\n<\/div>\n<\/div>\t\t\t\t\t\t\t\t<\/div>\n\t\t\t\t<\/div>\n\t\t\t\t\t<\/div>\n\t\t<\/div>\n\t\t\t\t\t<\/div>\n\t\t<\/section>\n\t\t\t\t<\/div>\n\t\t","protected":false},"excerpt":{"rendered":"<p>Impresszum GONDOSKOD\u00c1S \u2013 szak\u00e9rtelem \u00e9s embers\u00e9g \u25a0 A Slachta Margit Nemzeti Szoci\u00e1lpolitikai Int\u00e9zet foly\u00f3irata \u25a0 F\u0151szerkeszt\u0151: Mik\u00f3 F. L\u00e1szl\u00f3&nbsp;\u25a0 Szerkeszt\u0151s\u00e9g: Forrai-Kiss Krisztina, Hajdu Kitti, Barab\u00e1s Krist\u00f3f, Matolcsi-Papp Zolt\u00e1n, M\u00f3zesn\u00e9 Ruzs\u00e1k Be\u00e1ta, Csukovits N\u00f3ra, B\u00e1nhidi Rita, Rem\u00e9nyi Csaba \u25a0Szerkeszt\u0151s\u00e9gi titk\u00e1r: Csukovits N\u00f3ra&nbsp;\u25a0 Szerkeszt\u0151 Bizotts\u00e1g: Dr. T\u00f3th Tibor, Dr. Beran Ferenc (PPKE), Dr. Birher N\u00e1ndor (PPKE), Dr. &#8230; <a title=\"GONDOSKOD\u00c1S \u2013 Szak\u00e9rtelem \u00e9s embers\u00e9g-Impresszum\" class=\"read-more\" href=\"https:\/\/urlapok.hu\/nszi\/gondoskodas-szakertelem-es-emberseg\/impresszum\/\" aria-label=\"Read more about GONDOSKOD\u00c1S \u2013 Szak\u00e9rtelem \u00e9s embers\u00e9g-Impresszum\">Olvass tov\u00e1bb<\/a><\/p>\n","protected":false},"author":1,"featured_media":0,"parent":435,"menu_order":0,"comment_status":"closed","ping_status":"closed","template":"","meta":{"footnotes":""},"folder":[4],"class_list":["post-652","page","type-page","status-publish"],"_links":{"self":[{"href":"https:\/\/urlapok.hu\/nszi\/wp-json\/wp\/v2\/pages\/652","targetHints":{"allow":["GET"]}}],"collection":[{"href":"https:\/\/urlapok.hu\/nszi\/wp-json\/wp\/v2\/pages"}],"about":[{"href":"https:\/\/urlapok.hu\/nszi\/wp-json\/wp\/v2\/types\/page"}],"author":[{"embeddable":true,"href":"https:\/\/urlapok.hu\/nszi\/wp-json\/wp\/v2\/users\/1"}],"replies":[{"embeddable":true,"href":"https:\/\/urlapok.hu\/nszi\/wp-json\/wp\/v2\/comments?post=652"}],"version-history":[{"count":35,"href":"https:\/\/urlapok.hu\/nszi\/wp-json\/wp\/v2\/pages\/652\/revisions"}],"predecessor-version":[{"id":2456,"href":"https:\/\/urlapok.hu\/nszi\/wp-json\/wp\/v2\/pages\/652\/revisions\/2456"}],"up":[{"embeddable":true,"href":"https:\/\/urlapok.hu\/nszi\/wp-json\/wp\/v2\/pages\/435"}],"wp:attachment":[{"href":"https:\/\/urlapok.hu\/nszi\/wp-json\/wp\/v2\/media?parent=652"}],"wp:term":[{"taxonomy":"folder","embeddable":true,"href":"https:\/\/urlapok.hu\/nszi\/wp-json\/wp\/v2\/folder?post=652"}],"curies":[{"name":"wp","href":"https:\/\/api.w.org\/{rel}","templated":true}]}}