{"id":718,"date":"2023-01-15T12:16:18","date_gmt":"2023-01-15T12:16:18","guid":{"rendered":"https:\/\/urlap.nszi.hu\/?page_id=718"},"modified":"2025-02-26T15:52:48","modified_gmt":"2025-02-26T15:52:48","slug":"palyazattal-kapcsolatos-rendezveny-bejelentese","status":"publish","type":"page","link":"https:\/\/urlapok.hu\/nszi\/palyazattal-kapcsolatos-rendezveny-bejelentese\/","title":{"rendered":"P\u00c1LY\u00c1ZATTAL KAPCSOLATOS RENDEZV\u00c9NY BEJELENT\u00c9SE"},"content":{"rendered":"\t\t<div data-elementor-type=\"wp-page\" data-elementor-id=\"718\" class=\"elementor elementor-718\" data-elementor-post-type=\"page\">\n\t\t\t\t\t\t<section class=\"elementor-section elementor-top-section elementor-element elementor-element-290c4723 elementor-section-boxed elementor-section-height-default elementor-section-height-default\" data-id=\"290c4723\" data-element_type=\"section\">\n\t\t\t\t\t\t<div class=\"elementor-container elementor-column-gap-default\">\n\t\t\t\t\t<div class=\"elementor-column elementor-col-100 elementor-top-column elementor-element elementor-element-69f4cdfa\" data-id=\"69f4cdfa\" data-element_type=\"column\">\n\t\t\t<div class=\"elementor-widget-wrap elementor-element-populated\">\n\t\t\t\t\t\t<div class=\"elementor-element elementor-element-2ec8df70 elementor-widget elementor-widget-text-editor\" data-id=\"2ec8df70\" data-element_type=\"widget\" data-widget_type=\"text-editor.default\">\n\t\t\t\t<div class=\"elementor-widget-container\">\n\t\t\t\t\t\t\t\t\t<p>Az NSZI \u00e1ltal meghirdetett p\u00e1ly\u00e1zatokon nyertes szervezeteknek ezen az \u0171rlapon kell bejelenteni\u00fck a megval\u00f3s\u00edt\u00e1si id\u0151szakban megrendez\u00e9sre ker\u00fcl\u0151 <strong>t\u00e1mogatott<\/strong>, <strong>nyilv\u00e1nos <\/strong>rendezv\u00e9nyeiket, konferenci\u00e1kat, klubokat, egy\u00e9b esem\u00e9nyeket a tervezett id\u0151pont el\u0151tt legk\u00e9s\u0151bb 10 nappal.<\/p><p>A rendezv\u00e9ny bejelent\u00e9s\u00e9nek folyamata:<\/p><ol><li>A tervezett PR anyag, sz\u00f3r\u00f3lap, megh\u00edv\u00f3, k\u00f6z\u00f6ss\u00e9gi m\u00e9dia bejegyz\u00e9s tervezet\u00e9nek elk\u00fcld\u00e9se a <a href=\"mailto:palyazati.rendezveny@nszi.hu\">palyazati.rendezveny@nszi.hu<\/a> email c\u00edmre,<\/li><li>Munkat\u00e1rsainkkal t\u00f6rt\u00e9nt egyeztet\u00e9s ut\u00e1n a v\u00e9gleges PR anyag, sz\u00f3r\u00f3lap, megh\u00edv\u00f3, k\u00f6z\u00f6ss\u00e9gi m\u00e9dia bejegyz\u00e9s \u00e9s a kit\u00f6lt\u00f6tt Sajt\u00f3enged\u00e9ly-k\u00e9relem elk\u00fcld\u00e9se a <a href=\"mailto:palyazati.rendezveny@nszi.hu\">palyazati.rendezveny@nszi.hu<\/a>\u00a0e-mail c\u00edmre,<\/li><li>Miut\u00e1n d\u00f6nt\u00e9s sz\u00fcletett a Sajt\u00f3enged\u00e9ly-k\u00e9relem t\u00e1mogat\u00e1s\u00e1r\u00f3l \u00e9s az NSZI err\u0151l \u00e9rtes\u00edtette a p\u00e1ly\u00e1z\u00f3t, jelen \u0171rlap kit\u00f6lt\u00e9se.<\/li><\/ol><p>A Sajt\u00f3enged\u00e9ly-k\u00e9relem dokumentumot a\u00a0<a href=\"https:\/\/nszi.hu\/palyazatok\/dokumentumok#:~:text=NSZI_Sajtoengedely%2Dk%C3%A9relem_sablon_2024%2Dt%C5%91l\">P\u00e1ly\u00e1zati dokumentumok aloldalr\u00f3l<\/a>\u00a0tudja let\u00f6lteni.<\/p><p>K\u00e9rem, csak abban az esetben t\u00f6ltse ki az \u0171rlapot, amennyiben a rendezv\u00e9ny biztosan megrendez\u00e9sre ker\u00fcl, \u00e9s rendelkezik j\u00f3v\u00e1hagyott Sajt\u00f3enged\u00e9ly-k\u00e9relemmel!<\/p><p>K\u00e9rem tov\u00e1bb\u00e1, hogy amennyiben az esem\u00e9nyt PR anyagokban vagy social-media fel\u00fcleteken tervezi k\u00f6zz\u00e9tenni, abban az esetben ezt is jelezze az NSZI \u00e1ltal rendszeres\u00edtett Sajt\u00f3enged\u00e9ly-k\u00e9relemben!<\/p><p>A m\u00e1r bejelentett rendezv\u00e9ny meghi\u00fasul\u00e1sa eset\u00e9n \u00edr\u00e1sbeli t\u00e1j\u00e9koztat\u00e1st a\u00a0\u00a0<a href=\"mailto:palyazati.rendezveny@nszi.hu\">palyazati.rendezveny@nszi.hu<\/a>\u00a0e-mail c\u00edmre sz\u00edveskedjenek megk\u00fcldeni.<\/p><p><strong>K\u00e9rem az al\u00e1bbi sz\u00f6vegdobozokat t\u00f6ltse ki! A csillaggal (*) jel\u00f6lt mez\u0151k kit\u00f6lt\u00e9se k\u00f6telez\u0151!<\/strong><\/p>\t\t\t\t\t\t\t\t<\/div>\n\t\t\t\t<\/div>\n\t\t\t\t\t<\/div>\n\t\t<\/div>\n\t\t\t\t\t<\/div>\n\t\t<\/section>\n\t\t\t\t<section class=\"elementor-section elementor-top-section elementor-element elementor-element-2bb2c981 elementor-section-boxed elementor-section-height-default elementor-section-height-default\" data-id=\"2bb2c981\" data-element_type=\"section\">\n\t\t\t\t\t\t<div class=\"elementor-container elementor-column-gap-default\">\n\t\t\t\t\t<div class=\"elementor-column elementor-col-100 elementor-top-column elementor-element elementor-element-2016e215\" data-id=\"2016e215\" data-element_type=\"column\">\n\t\t\t<div class=\"elementor-widget-wrap elementor-element-populated\">\n\t\t\t\t\t\t<div class=\"elementor-element elementor-element-49d8d029 elementor-button-align-start elementor-widget elementor-widget-form\" data-id=\"49d8d029\" data-element_type=\"widget\" data-settings=\"{&quot;step_next_label&quot;:&quot;K\\u00f6vetkez\\u0151&quot;,&quot;step_previous_label&quot;:&quot;El\\u00f6z\\u0151&quot;,&quot;button_width&quot;:&quot;100&quot;,&quot;step_type&quot;:&quot;number_text&quot;,&quot;step_icon_shape&quot;:&quot;circle&quot;}\" data-widget_type=\"form.default\">\n\t\t\t\t<div class=\"elementor-widget-container\">\n\t\t\t\t\t\t\t<form class=\"elementor-form\" method=\"post\" name=\"palyazattal kapcsolatos rendezveny bejentese\" aria-label=\"palyazattal kapcsolatos rendezveny bejentese\">\n\t\t\t<input type=\"hidden\" name=\"post_id\" value=\"718\"\/>\n\t\t\t<input type=\"hidden\" name=\"form_id\" value=\"49d8d029\"\/>\n\t\t\t<input type=\"hidden\" name=\"referer_title\" value=\"\" \/>\n\n\t\t\t\n\t\t\t<div class=\"elementor-form-fields-wrapper elementor-labels-above\">\n\t\t\t\t\t\t\t\t<div class=\"elementor-field-type-text elementor-field-group elementor-column elementor-field-group-1 elementor-col-100 elementor-field-required elementor-mark-required\">\n\t\t\t\t\t\t\t\t\t\t\t\t<label for=\"form-field-1\" class=\"elementor-field-label\">\n\t\t\t\t\t\t\t\tNyertes p\u00e1ly\u00e1zat k\u00f3dsz\u00e1ma (teljes k\u00f3dsz\u00e1m felt\u00fcntet\u00e9se sz\u00fcks\u00e9ges, p\u00e9ld\u00e1ul: SKK2024-A-1234, FOF2024-1234)\t\t\t\t\t\t\t<\/label>\n\t\t\t\t\t\t\t\t\t\t\t\t\t\t<input size=\"1\" type=\"text\" name=\"form_fields[1]\" id=\"form-field-1\" class=\"elementor-field elementor-size-md  elementor-field-textual\" required=\"required\">\n\t\t\t\t\t\t\t\t\t\t\t<\/div>\n\t\t\t\t\t\t\t\t<div class=\"elementor-field-type-text elementor-field-group elementor-column elementor-field-group-2 elementor-col-100 elementor-field-required elementor-mark-required\">\n\t\t\t\t\t\t\t\t\t\t\t\t<label for=\"form-field-2\" class=\"elementor-field-label\">\n\t\t\t\t\t\t\t\tSzervezet neve \t\t\t\t\t\t\t<\/label>\n\t\t\t\t\t\t\t\t\t\t\t\t\t\t<input size=\"1\" type=\"text\" name=\"form_fields[2]\" id=\"form-field-2\" class=\"elementor-field elementor-size-md  elementor-field-textual\" required=\"required\">\n\t\t\t\t\t\t\t\t\t\t\t<\/div>\n\t\t\t\t\t\t\t\t<div class=\"elementor-field-type-text elementor-field-group elementor-column elementor-field-group-3 elementor-col-100 elementor-field-required elementor-mark-required\">\n\t\t\t\t\t\t\t\t\t\t\t\t<label for=\"form-field-3\" class=\"elementor-field-label\">\n\t\t\t\t\t\t\t\tRendezv\u00e9ny\/Konferencia\/El\u0151ad\u00e1s c\u00edme\t\t\t\t\t\t\t<\/label>\n\t\t\t\t\t\t\t\t\t\t\t\t\t\t<input size=\"1\" type=\"text\" name=\"form_fields[3]\" id=\"form-field-3\" class=\"elementor-field elementor-size-md  elementor-field-textual\" required=\"required\">\n\t\t\t\t\t\t\t\t\t\t\t<\/div>\n\t\t\t\t\t\t\t\t<div class=\"elementor-field-type-text elementor-field-group elementor-column elementor-field-group-201 elementor-col-100 elementor-field-required elementor-mark-required\">\n\t\t\t\t\t\t\t\t\t\t\t\t<label for=\"form-field-201\" class=\"elementor-field-label\">\n\t\t\t\t\t\t\t\tEsem\u00e9ny helysz\u00edne (helyis\u00e9g neve, c\u00edme) \t\t\t\t\t\t\t<\/label>\n\t\t\t\t\t\t\t\t\t\t\t\t\t\t<input size=\"1\" type=\"text\" name=\"form_fields[201]\" id=\"form-field-201\" class=\"elementor-field elementor-size-md  elementor-field-textual\" required=\"required\">\n\t\t\t\t\t\t\t\t\t\t\t<\/div>\n\t\t\t\t\t\t\t\t<div class=\"elementor-field-type-date elementor-field-group elementor-column elementor-field-group-4 elementor-col-50 elementor-field-required elementor-mark-required\">\n\t\t\t\t\t\t\t\t\t\t\t\t<label for=\"form-field-4\" class=\"elementor-field-label\">\n\t\t\t\t\t\t\t\tEsem\u00e9ny kezdet\u00e9nek id\u0151pontja\t\t\t\t\t\t\t<\/label>\n\t\t\t\t\t\t\n\t\t<input type=\"date\" name=\"form_fields[4]\" id=\"form-field-4\" class=\"elementor-field elementor-size-md  elementor-field-textual elementor-date-field elementor-use-native\" required=\"required\" pattern=\"[0-9]{4}-[0-9]{2}-[0-9]{2}\" min=\"2025-01-01\">\n\t\t\t\t\t\t<\/div>\n\t\t\t\t\t\t\t\t<div class=\"elementor-field-type-date elementor-field-group elementor-column elementor-field-group-5 elementor-col-50 elementor-field-required elementor-mark-required\">\n\t\t\t\t\t\t\t\t\t\t\t\t<label for=\"form-field-5\" class=\"elementor-field-label\">\n\t\t\t\t\t\t\t\tEsem\u00e9ny z\u00e1r\u00e1s\u00e1nak id\u0151pontja\t\t\t\t\t\t\t<\/label>\n\t\t\t\t\t\t\n\t\t<input type=\"date\" name=\"form_fields[5]\" id=\"form-field-5\" class=\"elementor-field elementor-size-md  elementor-field-textual elementor-date-field elementor-use-native\" required=\"required\" pattern=\"[0-9]{4}-[0-9]{2}-[0-9]{2}\" min=\"2025-01-01\">\n\t\t\t\t\t\t<\/div>\n\t\t\t\t\t\t\t\t<div class=\"elementor-field-type-select elementor-field-group elementor-column elementor-field-group-6 elementor-col-60 elementor-field-required elementor-mark-required\">\n\t\t\t\t\t\t\t\t\t\t\t\t<label for=\"form-field-6\" class=\"elementor-field-label\">\n\t\t\t\t\t\t\t\tAz esem\u00e9ny kapcs\u00e1n szerveznek sajt\u00f3t\u00e1j\u00e9koztat\u00f3t?\t\t\t\t\t\t\t<\/label>\n\t\t\t\t\t\t\t\t<div class=\"elementor-field elementor-select-wrapper remove-before \">\n\t\t\t<div class=\"select-caret-down-wrapper\">\n\t\t\t\t<i aria-hidden=\"true\" class=\"eicon-caret-down\"><\/i>\t\t\t<\/div>\n\t\t\t<select name=\"form_fields[6]\" id=\"form-field-6\" class=\"elementor-field-textual elementor-size-md\" required=\"required\">\n\t\t\t\t\t\t\t\t\t<option value=\"\"><\/option>\n\t\t\t\t\t\t\t\t\t<option value=\"Igen\">Igen<\/option>\n\t\t\t\t\t\t\t\t\t<option value=\"Nem\">Nem<\/option>\n\t\t\t\t\t\t\t<\/select>\n\t\t<\/div>\n\t\t\t\t\t\t<\/div>\n\t\t\t\t\t\t\t\t<div class=\"elementor-field-type-number elementor-field-group elementor-column elementor-field-group-7 elementor-col-60 elementor-field-required elementor-mark-required\">\n\t\t\t\t\t\t\t\t\t\t\t\t<label for=\"form-field-7\" class=\"elementor-field-label\">\n\t\t\t\t\t\t\t\tTervezett r\u00e9sztvev\u0151k l\u00e9tsz\u00e1ma\t\t\t\t\t\t\t<\/label>\n\t\t\t\t\t\t\t\t\t<input type=\"number\" name=\"form_fields[7]\" id=\"form-field-7\" class=\"elementor-field elementor-size-md  elementor-field-textual\" placeholder=\"f\u0151\" required=\"required\" min=\"\" max=\"\" >\n\t\t\t\t\t\t<\/div>\n\t\t\t\t\t\t\t\t<div class=\"elementor-field-type-upload elementor-field-group elementor-column elementor-field-group-8 elementor-col-60\">\n\t\t\t\t\t\t\t\t\t\t\t\t<label for=\"form-field-8\" class=\"elementor-field-label\">\n\t\t\t\t\t\t\t\tNSZI P\u00e1ly\u00e1zati Igazgat\u00f3s\u00e1ga \u00e1ltal elfogadott megh\u00edv\u00f3\/program\/sz\u00f3r\u00f3lap\/plak\u00e1t csatol\u00e1sa (maximum 2 MB)\t\t\t\t\t\t\t<\/label>\n\t\t\t\t\t\t\t\t<input type=\"file\" name=\"form_fields[8]\" id=\"form-field-8\" class=\"elementor-field elementor-size-md  elementor-upload-field\" data-maxsize=\"5\" data-maxsize-message=\"This file exceeds the maximum allowed size.\">\n\n\t\t\t\t\t\t<\/div>\n\t\t\t\t\t\t\t\t<div class=\"elementor-field-type-email elementor-field-group elementor-column elementor-field-group-9 elementor-col-60 elementor-field-required elementor-mark-required\">\n\t\t\t\t\t\t\t\t\t\t\t\t<label for=\"form-field-9\" class=\"elementor-field-label\">\n\t\t\t\t\t\t\t\tKapcsolattart\u00f3 e-mail c\u00edme\t\t\t\t\t\t\t<\/label>\n\t\t\t\t\t\t\t\t\t\t\t\t\t\t<input size=\"1\" type=\"email\" name=\"form_fields[9]\" id=\"form-field-9\" class=\"elementor-field elementor-size-md  elementor-field-textual\" required=\"required\">\n\t\t\t\t\t\t\t\t\t\t\t<\/div>\n\t\t\t\t\t\t\t\t<div class=\"elementor-field-type-text elementor-field-group elementor-column elementor-field-group-202 elementor-col-50 elementor-field-required elementor-mark-required\">\n\t\t\t\t\t\t\t\t\t\t\t\t<label for=\"form-field-202\" class=\"elementor-field-label\">\n\t\t\t\t\t\t\t\tKapcsolattart\u00f3 neve\t\t\t\t\t\t\t<\/label>\n\t\t\t\t\t\t\t\t\t\t\t\t\t\t<input size=\"1\" type=\"text\" name=\"form_fields[202]\" id=\"form-field-202\" class=\"elementor-field elementor-size-md  elementor-field-textual\" required=\"required\">\n\t\t\t\t\t\t\t\t\t\t\t<\/div>\n\t\t\t\t\t\t\t\t<div class=\"elementor-field-type-tel elementor-field-group elementor-column elementor-field-group-203 elementor-col-50 elementor-field-required elementor-mark-required\">\n\t\t\t\t\t\t\t\t\t\t\t\t<label for=\"form-field-203\" class=\"elementor-field-label\">\n\t\t\t\t\t\t\t\tKapcsolattart\u00f3 telefonsz\u00e1ma\t\t\t\t\t\t\t<\/label>\n\t\t\t\t\t\t\t\t<input size=\"1\" type=\"tel\" name=\"form_fields[203]\" id=\"form-field-203\" class=\"elementor-field elementor-size-md  elementor-field-textual\" required=\"required\" pattern=\"[0-9()#&amp;+*-=.]+\" title=\"Only numbers and phone characters (#, -, *, etc) are accepted.\">\n\n\t\t\t\t\t\t<\/div>\n\t\t\t\t\t\t\t\t<div class=\"elementor-field-type-acceptance elementor-field-group elementor-column elementor-field-group-field_3e5b970 elementor-col-100 elementor-field-required elementor-mark-required\">\n\t\t\t\t\t\t\t<div class=\"elementor-field-subgroup\">\n\t\t\t<span class=\"elementor-field-option\">\n\t\t\t\t<input type=\"checkbox\" name=\"form_fields[field_3e5b970]\" id=\"form-field-field_3e5b970\" class=\"elementor-field elementor-size-md  elementor-acceptance-field\" required=\"required\">\n\t\t\t\t<label for=\"form-field-field_3e5b970\">Meger\u0151s\u00edtem, hogy a be\u00edrt adatok helyesek, \u00e9s k\u00e9szen \u00e1llok az elk\u00fcld\u00e9s\u00e9re. Az adatok bek\u00e9r\u00e9se  a T\u00e1mogat\u00f3i Okirat vagy T\u00e1mogat\u00e1si Szerz\u0151d\u00e9s el\u0151\u00edr\u00e1s\u00e1nak alapj\u00e1n t\u00f6rt\u00e9nik.<\/label>\t\t\t<\/span>\n\t\t<\/div>\n\t\t\t\t\t\t<\/div>\n\t\t\t\t\t\t\t\t<div class=\"elementor-field-type-recaptcha_v3 elementor-field-group elementor-column elementor-field-group-field_6036b9f elementor-col-100 recaptcha_v3-bottomright\">\n\t\t\t\t\t<div class=\"elementor-field\" id=\"form-field-field_6036b9f\"><div class=\"elementor-g-recaptcha\" data-sitekey=\"6Ld8p7clAAAAAPkGNU7oLfwAAzN3lOIsMppNpWuY\" data-type=\"v3\" data-action=\"Form\" data-badge=\"bottomright\" data-size=\"invisible\"><\/div><\/div>\t\t\t\t<\/div>\n\t\t\t\t\t\t\t\t<div class=\"elementor-field-type-text\">\n\t\t\t\t\t<input size=\"1\" type=\"text\" name=\"form_fields[field_991dc5f]\" id=\"form-field-field_991dc5f\" class=\"elementor-field elementor-size-md \" style=\"display:none !important;\">\t\t\t\t<\/div>\n\t\t\t\t\t\t\t\t<div class=\"elementor-field-group elementor-column elementor-field-type-submit elementor-col-100 e-form__buttons\">\n\t\t\t\t\t<button class=\"elementor-button elementor-size-md\" type=\"submit\">\n\t\t\t\t\t\t<span class=\"elementor-button-content-wrapper\">\n\t\t\t\t\t\t\t\t\t\t\t\t\t\t\t\t\t\t\t\t\t\t<span class=\"elementor-button-text\">BEK\u00dcLD\u00c9S<\/span>\n\t\t\t\t\t\t\t\t\t\t\t\t\t<\/span>\n\t\t\t\t\t<\/button>\n\t\t\t\t<\/div>\n\t\t\t<\/div>\n\t\t<\/form>\n\t\t\t\t\t\t<\/div>\n\t\t\t\t<\/div>\n\t\t\t\t\t<\/div>\n\t\t<\/div>\n\t\t\t\t\t<\/div>\n\t\t<\/section>\n\t\t\t\t<section class=\"elementor-section elementor-top-section elementor-element elementor-element-49271a92 elementor-section-boxed elementor-section-height-default elementor-section-height-default\" data-id=\"49271a92\" data-element_type=\"section\">\n\t\t\t\t\t\t<div class=\"elementor-container elementor-column-gap-default\">\n\t\t\t\t\t<div class=\"elementor-column elementor-col-100 elementor-top-column elementor-element elementor-element-3dfaf8c6\" data-id=\"3dfaf8c6\" data-element_type=\"column\">\n\t\t\t<div class=\"elementor-widget-wrap elementor-element-populated\">\n\t\t\t\t\t\t<div class=\"elementor-element elementor-element-48f7e780 elementor-widget elementor-widget-text-editor\" data-id=\"48f7e780\" data-element_type=\"widget\" data-widget_type=\"text-editor.default\">\n\t\t\t\t<div class=\"elementor-widget-container\">\n\t\t\t\t\t\t\t\t\t<p>K\u00e9rem sz\u00edves t\u00fcrelm\u00e9t a \u201e<strong>BEK\u00dcLD\u00c9S<\/strong>\u201d gombra t\u00f6rt\u00e9n\u0151 kattint\u00e1st k\u00f6vet\u0151en a rendszer befogad\u00e1s\u00e1ig. Ez v\u00e1rhat\u00f3an 0,5 \u2013 1 percet ig\u00e9nybe vehet!<\/p><p>Sikeres bek\u00fcld\u00e9s eset\u00e9n a k\u00f6vetkez\u0151 sz\u00f6veg jelenik meg: \u201eAz \u0171rlap bek\u00fcld\u00e9se sikeresen megt\u00f6rt\u00e9nt. K\u00f6sz\u00f6nj\u00fck!<\/p>\t\t\t\t\t\t\t\t<\/div>\n\t\t\t\t<\/div>\n\t\t\t\t\t<\/div>\n\t\t<\/div>\n\t\t\t\t\t<\/div>\n\t\t<\/section>\n\t\t\t\t<\/div>\n\t\t","protected":false},"excerpt":{"rendered":"<p>Az NSZI \u00e1ltal meghirdetett p\u00e1ly\u00e1zatokon nyertes szervezeteknek ezen az \u0171rlapon kell bejelenteni\u00fck a megval\u00f3s\u00edt\u00e1si id\u0151szakban megrendez\u00e9sre ker\u00fcl\u0151 t\u00e1mogatott, nyilv\u00e1nos rendezv\u00e9nyeiket, konferenci\u00e1kat, klubokat, egy\u00e9b esem\u00e9nyeket a tervezett id\u0151pont el\u0151tt legk\u00e9s\u0151bb 10 nappal. A rendezv\u00e9ny bejelent\u00e9s\u00e9nek folyamata: A tervezett PR anyag, sz\u00f3r\u00f3lap, megh\u00edv\u00f3, k\u00f6z\u00f6ss\u00e9gi m\u00e9dia bejegyz\u00e9s tervezet\u00e9nek elk\u00fcld\u00e9se a palyazati.rendezveny@nszi.hu email c\u00edmre, Munkat\u00e1rsainkkal t\u00f6rt\u00e9nt egyeztet\u00e9s ut\u00e1n a &#8230; <a title=\"P\u00c1LY\u00c1ZATTAL KAPCSOLATOS RENDEZV\u00c9NY BEJELENT\u00c9SE\" class=\"read-more\" href=\"https:\/\/urlapok.hu\/nszi\/palyazattal-kapcsolatos-rendezveny-bejelentese\/\" aria-label=\"Read more about P\u00c1LY\u00c1ZATTAL KAPCSOLATOS RENDEZV\u00c9NY BEJELENT\u00c9SE\">Olvass tov\u00e1bb<\/a><\/p>\n","protected":false},"author":1,"featured_media":0,"parent":0,"menu_order":0,"comment_status":"closed","ping_status":"closed","template":"","meta":{"footnotes":""},"folder":[11],"class_list":["post-718","page","type-page","status-publish"],"_links":{"self":[{"href":"https:\/\/urlapok.hu\/nszi\/wp-json\/wp\/v2\/pages\/718","targetHints":{"allow":["GET"]}}],"collection":[{"href":"https:\/\/urlapok.hu\/nszi\/wp-json\/wp\/v2\/pages"}],"about":[{"href":"https:\/\/urlapok.hu\/nszi\/wp-json\/wp\/v2\/types\/page"}],"author":[{"embeddable":true,"href":"https:\/\/urlapok.hu\/nszi\/wp-json\/wp\/v2\/users\/1"}],"replies":[{"embeddable":true,"href":"https:\/\/urlapok.hu\/nszi\/wp-json\/wp\/v2\/comments?post=718"}],"version-history":[{"count":67,"href":"https:\/\/urlapok.hu\/nszi\/wp-json\/wp\/v2\/pages\/718\/revisions"}],"predecessor-version":[{"id":2273,"href":"https:\/\/urlapok.hu\/nszi\/wp-json\/wp\/v2\/pages\/718\/revisions\/2273"}],"wp:attachment":[{"href":"https:\/\/urlapok.hu\/nszi\/wp-json\/wp\/v2\/media?parent=718"}],"wp:term":[{"taxonomy":"folder","embeddable":true,"href":"https:\/\/urlapok.hu\/nszi\/wp-json\/wp\/v2\/folder?post=718"}],"curies":[{"name":"wp","href":"https:\/\/api.w.org\/{rel}","templated":true}]}}